{"id":1002,"date":"2021-12-25T12:42:21","date_gmt":"2021-12-25T12:42:21","guid":{"rendered":"https:\/\/kadence.pixel-show.com\/single-product\/?page_id=11"},"modified":"2024-08-03T14:21:09","modified_gmt":"2024-08-03T12:21:09","slug":"qui-som","status":"publish","type":"page","link":"https:\/\/ssi24.org\/es\/qui-som\/","title":{"rendered":"Qui\u00e9nes somos"},"content":{"rendered":"<style>.kb-row-layout-wrap.wp-block-kadence-rowlayout.kb-row-layout-id1002_903da9-1c{margin-top:var(--global-kb-spacing-xs, 1rem);}.kb-row-layout-id1002_903da9-1c > .kt-row-column-wrap{align-content:start;}:where(.kb-row-layout-id1002_903da9-1c > .kt-row-column-wrap) > .wp-block-kadence-column{justify-content:start;}.kb-row-layout-id1002_903da9-1c > .kt-row-column-wrap{column-gap:var(--global-kb-gap-md, 2rem);row-gap:var(--global-kb-gap-md, 2rem);max-width:var( --global-content-width, 1290px );padding-left:var(--global-content-edge-padding);padding-right:var(--global-content-edge-padding);padding-top:var(--global-kb-spacing-sm, 1.5rem);padding-bottom:var(--global-kb-spacing-sm, 1.5rem);grid-template-columns:minmax(0, 1fr) minmax(0, 2fr);}.kb-row-layout-id1002_903da9-1c > .kt-row-layout-overlay{opacity:0.30;}@media all and (max-width: 1024px){.kb-row-layout-id1002_903da9-1c > .kt-row-column-wrap{grid-template-columns:minmax(0, 1fr) minmax(0, 2fr);}}@media all and (max-width: 767px){.kb-row-layout-id1002_903da9-1c > .kt-row-column-wrap{grid-template-columns:minmax(0, 1fr);}.kb-row-layout-id1002_903da9-1c > .kt-row-column-wrap > .wp-block-kadence-column:nth-of-type(1){order:2;}.kb-row-layout-id1002_903da9-1c > .kt-row-column-wrap > .wp-block-kadence-column:nth-of-type(2){order:1;}.kb-row-layout-id1002_903da9-1c > .kt-row-column-wrap > .wp-block-kadence-column:nth-of-type(3){order:12;}.kb-row-layout-id1002_903da9-1c > .kt-row-column-wrap > .wp-block-kadence-column:nth-of-type(4){order:11;}.kb-row-layout-id1002_903da9-1c > .kt-row-column-wrap > .wp-block-kadence-column:nth-of-type(5){order:22;}.kb-row-layout-id1002_903da9-1c > .kt-row-column-wrap > .wp-block-kadence-column:nth-of-type(6){order:21;}.kb-row-layout-id1002_903da9-1c > .kt-row-column-wrap > .wp-block-kadence-column:nth-of-type(7){order:32;}.kb-row-layout-id1002_903da9-1c > .kt-row-column-wrap > .wp-block-kadence-column:nth-of-type(8){order:31;}}<\/style><div class=\"kb-row-layout-wrap kb-row-layout-id1002_903da9-1c alignnone wp-block-kadence-rowlayout\"><div class=\"kt-row-column-wrap kt-has-2-columns kt-row-layout-right-golden kt-tab-layout-inherit kt-mobile-layout-row kt-row-valign-top kb-theme-content-width\">\n<style>.kadence-column1002_54e68c-6f > .kt-inside-inner-col,.kadence-column1002_54e68c-6f > .kt-inside-inner-col:before{border-top-left-radius:0px;border-top-right-radius:0px;border-bottom-right-radius:0px;border-bottom-left-radius:0px;}.kadence-column1002_54e68c-6f > .kt-inside-inner-col{column-gap:var(--global-kb-gap-sm, 1rem);}.kadence-column1002_54e68c-6f > .kt-inside-inner-col{flex-direction:column;}.kadence-column1002_54e68c-6f > .kt-inside-inner-col > .aligncenter{width:100%;}.kadence-column1002_54e68c-6f > .kt-inside-inner-col:before{opacity:0.3;}.kadence-column1002_54e68c-6f{position:relative;}@media all and (max-width: 1024px){.kadence-column1002_54e68c-6f > .kt-inside-inner-col{flex-direction:column;justify-content:center;}}@media all and (max-width: 767px){.kadence-column1002_54e68c-6f > .kt-inside-inner-col{flex-direction:column;justify-content:center;}}<\/style>\n<div class=\"wp-block-kadence-column kadence-column1002_54e68c-6f\"><div class=\"kt-inside-inner-col\"><style>.wp-block-kadence-advancedheading.kt-adv-heading1002_4c6850-e7, .wp-block-kadence-advancedheading.kt-adv-heading1002_4c6850-e7[data-kb-block=\"kb-adv-heading1002_4c6850-e7\"]{padding-top:var(--global-kb-spacing-xs, 1rem);padding-right:var(--global-kb-spacing-xs, 1rem);padding-bottom:var(--global-kb-spacing-xs, 1rem);padding-left:var(--global-kb-spacing-xs, 1rem);margin-bottom:0px;text-align:center;font-style:normal;border-top-left-radius:5px;border-top-right-radius:5px;}.wp-block-kadence-advancedheading.kt-adv-heading1002_4c6850-e7 mark.kt-highlight, .wp-block-kadence-advancedheading.kt-adv-heading1002_4c6850-e7[data-kb-block=\"kb-adv-heading1002_4c6850-e7\"] mark.kt-highlight{font-style:normal;color:#f76a0c;-webkit-box-decoration-break:clone;box-decoration-break:clone;padding-top:0px;padding-right:0px;padding-bottom:0px;padding-left:0px;}<\/style>\n<h2 class=\"kt-adv-heading1002_4c6850-e7 wp-block-kadence-advancedheading has-theme-palette-9-color has-text-color has-theme-palette-1-background-color has-background\" data-kb-block=\"kb-adv-heading1002_4c6850-e7\">\u00bfQu\u00e9 buscas?<\/h2>\n\n\n<style>.kadence-column1002_d1c229-f5 > .kt-inside-inner-col{padding-top:var(--global-kb-spacing-xs, 1rem);padding-right:var(--global-kb-spacing-sm, 1.5rem);padding-bottom:var(--global-kb-spacing-md, 2rem);padding-left:var(--global-kb-spacing-sm, 1.5rem);}.kadence-column1002_d1c229-f5 > .kt-inside-inner-col{border-top:2px solid var(--global-palette1, #3182CE);border-right:2px solid var(--global-palette1, #3182CE);border-bottom:2px solid var(--global-palette1, #3182CE);border-left:2px solid var(--global-palette1, #3182CE);}.kadence-column1002_d1c229-f5 > .kt-inside-inner-col,.kadence-column1002_d1c229-f5 > .kt-inside-inner-col:before{border-top-left-radius:0px;border-top-right-radius:0px;border-bottom-right-radius:5px;border-bottom-left-radius:5px;}.kadence-column1002_d1c229-f5 > .kt-inside-inner-col{column-gap:var(--global-kb-gap-sm, 1rem);}.kadence-column1002_d1c229-f5 > .kt-inside-inner-col{flex-direction:column;}.kadence-column1002_d1c229-f5 > .kt-inside-inner-col > .aligncenter{width:100%;}.kadence-column1002_d1c229-f5 > .kt-inside-inner-col{background-color:var(--global-palette1, #3182CE);}.kadence-column1002_d1c229-f5 > .kt-inside-inner-col:before{opacity:0.3;}.kadence-column1002_d1c229-f5{position:relative;}.kadence-column1002_d1c229-f5, .kt-inside-inner-col > .kadence-column1002_d1c229-f5:not(.specificity){margin-top:0px;}@media all and (max-width: 1024px){.kadence-column1002_d1c229-f5 > .kt-inside-inner-col{border-top:2px solid var(--global-palette1, #3182CE);border-right:2px solid var(--global-palette1, #3182CE);border-bottom:2px solid var(--global-palette1, #3182CE);border-left:2px solid var(--global-palette1, #3182CE);flex-direction:column;justify-content:center;}}@media all and (max-width: 767px){.kadence-column1002_d1c229-f5 > .kt-inside-inner-col{border-top:2px solid var(--global-palette1, #3182CE);border-right:2px solid var(--global-palette1, #3182CE);border-bottom:2px solid var(--global-palette1, #3182CE);border-left:2px solid var(--global-palette1, #3182CE);flex-direction:column;justify-content:center;}}<\/style>\n<div class=\"wp-block-kadence-column kadence-column1002_d1c229-f5\"><div class=\"kt-inside-inner-col\"><style>.wp-block-kadence-advancedheading.kt-adv-heading1002_ab6d9b-f2, .wp-block-kadence-advancedheading.kt-adv-heading1002_ab6d9b-f2[data-kb-block=\"kb-adv-heading1002_ab6d9b-f2\"]{font-style:normal;}.wp-block-kadence-advancedheading.kt-adv-heading1002_ab6d9b-f2 mark.kt-highlight, .wp-block-kadence-advancedheading.kt-adv-heading1002_ab6d9b-f2[data-kb-block=\"kb-adv-heading1002_ab6d9b-f2\"] mark.kt-highlight{font-style:normal;color:#f76a0c;-webkit-box-decoration-break:clone;box-decoration-break:clone;padding-top:0px;padding-right:0px;padding-bottom:0px;padding-left:0px;}<\/style>\n<p class=\"kt-adv-heading1002_ab6d9b-f2 wp-block-kadence-advancedheading has-theme-palette-9-color has-text-color\" data-kb-block=\"kb-adv-heading1002_ab6d9b-f2\">\u00a1Explora los libros de nuestra tienda! Y si tienes anima de escritor, \u00a1ponte en contacto con nosotros mediante el formulario de contacto!<\/p>\n\n\n<style>.wp-block-kadence-advancedbtn.kb-btns1002_1705a8-cc{gap:var(--global-kb-gap-xs, 0.5rem );justify-content:center;align-items:center;}.kt-btns1002_1705a8-cc .kt-button{font-weight:normal;font-style:normal;}.kt-btns1002_1705a8-cc .kt-btn-wrap-0{margin-right:5px;}.wp-block-kadence-advancedbtn.kt-btns1002_1705a8-cc .kt-btn-wrap-0 .kt-button{color:#555555;border-color:#555555;}.wp-block-kadence-advancedbtn.kt-btns1002_1705a8-cc .kt-btn-wrap-0 .kt-button:hover, .wp-block-kadence-advancedbtn.kt-btns1002_1705a8-cc .kt-btn-wrap-0 .kt-button:focus{color:#ffffff;border-color:#444444;}.wp-block-kadence-advancedbtn.kt-btns1002_1705a8-cc .kt-btn-wrap-0 .kt-button::before{display:none;}.wp-block-kadence-advancedbtn.kt-btns1002_1705a8-cc .kt-btn-wrap-0 .kt-button:hover, .wp-block-kadence-advancedbtn.kt-btns1002_1705a8-cc .kt-btn-wrap-0 .kt-button:focus{background:#444444;}<\/style>\n<div class=\"wp-block-kadence-advancedbtn kb-buttons-wrap kb-btns1002_1705a8-cc\"><style>ul.menu .wp-block-kadence-advancedbtn .kb-btn1002_3438a1-6e.kb-button{width:initial;}.wp-block-kadence-advancedbtn .kb-btn1002_3438a1-6e.kb-button{color:var(--global-palette9, #ffffff);border-top-color:var(--global-palette9, #ffffff);border-top-style:solid;border-right-color:var(--global-palette9, #ffffff);border-right-style:solid;border-bottom-color:var(--global-palette9, #ffffff);border-bottom-style:solid;border-left-color:var(--global-palette9, #ffffff);border-left-style:solid;}@media all and (max-width: 1024px){.wp-block-kadence-advancedbtn .kb-btn1002_3438a1-6e.kb-button{border-top-color:var(--global-palette9, #ffffff);border-top-style:solid;border-right-color:var(--global-palette9, #ffffff);border-right-style:solid;border-bottom-color:var(--global-palette9, #ffffff);border-bottom-style:solid;border-left-color:var(--global-palette9, #ffffff);border-left-style:solid;}}@media all and (max-width: 767px){.wp-block-kadence-advancedbtn .kb-btn1002_3438a1-6e.kb-button{border-top-color:var(--global-palette9, #ffffff);border-top-style:solid;border-right-color:var(--global-palette9, #ffffff);border-right-style:solid;border-bottom-color:var(--global-palette9, #ffffff);border-bottom-style:solid;border-left-color:var(--global-palette9, #ffffff);border-left-style:solid;}}<\/style><a class=\"kb-button kt-button button kb-btn1002_3438a1-6e kt-btn-size-standard kt-btn-width-type-auto kb-btn-global-outline kt-btn-has-text-true kt-btn-has-svg-false wp-block-kadence-singlebtn\" href=\"https:\/\/ssi24.org\/es\/contacto\/\"><span class=\"kt-btn-inner-text\">Contacto<\/span><\/a><\/div>\n<\/div><\/div>\n<\/div><\/div>\n\n\n<style>.kadence-column1002_a861fb-9a > .kt-inside-inner-col,.kadence-column1002_a861fb-9a > .kt-inside-inner-col:before{border-top-left-radius:0px;border-top-right-radius:0px;border-bottom-right-radius:0px;border-bottom-left-radius:0px;}.kadence-column1002_a861fb-9a > .kt-inside-inner-col{column-gap:var(--global-kb-gap-sm, 1rem);}.kadence-column1002_a861fb-9a > .kt-inside-inner-col{flex-direction:column;}.kadence-column1002_a861fb-9a > .kt-inside-inner-col > .aligncenter{width:100%;}.kadence-column1002_a861fb-9a > .kt-inside-inner-col:before{opacity:0.3;}.kadence-column1002_a861fb-9a{position:relative;}@media all and (max-width: 1024px){.kadence-column1002_a861fb-9a > .kt-inside-inner-col{flex-direction:column;justify-content:center;}}@media all and (max-width: 767px){.kadence-column1002_a861fb-9a > .kt-inside-inner-col{flex-direction:column;justify-content:center;}}<\/style>\n<div class=\"wp-block-kadence-column kadence-column1002_a861fb-9a\"><div class=\"kt-inside-inner-col\"><style>.wp-block-kadence-advancedheading.kt-adv-heading1002_470f8e-e8, .wp-block-kadence-advancedheading.kt-adv-heading1002_470f8e-e8[data-kb-block=\"kb-adv-heading1002_470f8e-e8\"]{font-size:var(--global-kb-font-size-lg, 2rem);font-style:normal;}.wp-block-kadence-advancedheading.kt-adv-heading1002_470f8e-e8 mark.kt-highlight, .wp-block-kadence-advancedheading.kt-adv-heading1002_470f8e-e8[data-kb-block=\"kb-adv-heading1002_470f8e-e8\"] mark.kt-highlight{font-style:normal;color:#f76a0c;-webkit-box-decoration-break:clone;box-decoration-break:clone;padding-top:0px;padding-right:0px;padding-bottom:0px;padding-left:0px;}<\/style>\n<h2 class=\"kt-adv-heading1002_470f8e-e8 wp-block-kadence-advancedheading\" data-kb-block=\"kb-adv-heading1002_470f8e-e8\">Scito Super Impresi\u00f3n: Libros para el Empoderamiento Cultural<\/h2>\n\n\n\n<p>En Scito Super Impresi\u00f3n, creemos firmemente que la cultura es una poderosa herramienta de empoderamiento personal y colectivo. Somos una librer\u00eda dedicada a la autoedici\u00f3n de libros que inspiran, educan y transforman. Nuestro objetivo es fomentar la curiosidad, el conocimiento y el amor por la lectura a trav\u00e9s de una selecci\u00f3n cuidadosa de t\u00edtulos que abordan tem\u00e1ticas diversas y relevantes.<\/p>\n\n\n\n<p><strong>\u00bfQu\u00e9 ofrecemos?<\/strong><\/p>\n\n\n\n<ol class=\"wp-block-list\">\n<li><strong>Libros autoeditados<\/strong>: Desde novelas, pasando por ensayos cr\u00edticos, biograf\u00edas inspiradoras, libros de poes\u00eda, literatura infantil y mucho m\u00e1s.<\/li>\n\n\n\n<li><strong>Autores locales<\/strong>: Promovemos autores emergentes de nuestro entorno.<\/li>\n\n\n\n<li><strong>Actividades culturales<\/strong>: Organizamos talleres, charlas, clubes de lectura y presentaciones de libros para crear un espacio de encuentro y debate en torno a la cultura.<\/li>\n\n\n\n<li><strong>Recomendaciones personalizadas<\/strong>: Nuestro equipo est\u00e1 siempre dispuesto a ayudarte a encontrar el libro perfecto seg\u00fan tus intereses y necesidades.<\/li>\n<\/ol>\n\n\n\n<p><strong>Nuestra misi\u00f3n<\/strong><\/p>\n\n\n\n<p>En Scito Super Impresi\u00f3n, nuestra misi\u00f3n es convertir la lectura en una experiencia accesible y enriquecedora para todos. Creemos que los libros tienen el poder de cambiar vidas, ampliar horizontes y fomentar una sociedad m\u00e1s consciente y comprometida. Por eso, trabajamos para difundir la cultura y hacerla llegar a todas las personas, independientemente de sus circunstancias.<\/p>\n\n\n\n<p>Descubre c\u00f3mo un buen libro puede ser el primer paso hacia el empoderamiento cultural. En Scito Super Impresi\u00f3n, encontrar\u00e1s mucho m\u00e1s que libros; encontrar\u00e1s herramientas para transformar tu vida y tu mundo. entre ellos y todos los agentes que participan en el proceso de creaci\u00f3n y difusi\u00f3n literaria.<\/p>\n<\/div><\/div>\n\n<\/div><\/div>","protected":false},"excerpt":{"rendered":"<p>Qu\u00e8 busques? Explora els llibres de la nostra botiga! I si tens anima d&#8217;escriptor, posa&#8217;t en contacte amb nosaltres mitjan\u00e7ant el formulari de contacte! Scito Super Impressi\u00f3: Llibres per a l&#8217;Empoderament Cultural A Scito Super Impressi\u00f3, creiem fermament que la cultura \u00e9s una poderosa eina d&#8217;empoderament personal i col\u00b7lectiu. Som una llibreria dedicada a l&#8217;autoedici\u00f3&#8230;<\/p>","protected":false},"author":1,"featured_media":0,"parent":0,"menu_order":0,"comment_status":"closed","ping_status":"closed","template":"","meta":{"_kadence_starter_templates_imported_post":true,"_kad_post_transparent":"","_kad_post_title":"hide","_kad_post_layout":"fullwidth","_kad_post_sidebar_id":"","_kad_post_content_style":"unboxed","_kad_post_vertical_padding":"hide","_kad_post_feature":"hide","_kad_post_feature_position":"","_kad_post_header":false,"_kad_post_footer":false,"footnotes":""},"class_list":["post-1002","page","type-page","status-publish","hentry"],"yoast_head":"<!-- This site is optimized with the Yoast SEO plugin v25.6 - https:\/\/yoast.com\/wordpress\/plugins\/seo\/ -->\n<title>Qui som - Scito Super Impressi\u00f3 24<\/title>\n<meta name=\"description\" content=\"A Scito Super Impressi\u00f3, creiem fermament que la cultura \u00e9s una poderosa eina d&#039;empoderament personal i col\u00b7lectiu.\" \/>\n<meta name=\"robots\" content=\"index, follow, max-snippet:-1, max-image-preview:large, max-video-preview:-1\" \/>\n<link rel=\"canonical\" href=\"https:\/\/ssi24.org\/es\/qui-som\/\" \/>\n<meta property=\"og:locale\" content=\"es_ES\" \/>\n<meta property=\"og:type\" content=\"article\" \/>\n<meta property=\"og:title\" content=\"Qui som - Scito Super Impressi\u00f3 24\" \/>\n<meta property=\"og:description\" content=\"A Scito Super Impressi\u00f3, creiem fermament que la cultura \u00e9s una poderosa eina d&#039;empoderament personal i col\u00b7lectiu.\" \/>\n<meta property=\"og:url\" content=\"https:\/\/ssi24.org\/es\/qui-som\/\" \/>\n<meta property=\"og:site_name\" content=\"Scito Super Impressi\u00f3 24\" \/>\n<meta property=\"article:modified_time\" content=\"2024-08-03T12:21:09+00:00\" \/>\n<meta name=\"twitter:card\" content=\"summary_large_image\" \/>\n<meta name=\"twitter:label1\" content=\"Tiempo de lectura\" \/>\n\t<meta name=\"twitter:data1\" content=\"2 minutos\" \/>\n<script type=\"application\/ld+json\" class=\"yoast-schema-graph\">{\"@context\":\"https:\/\/schema.org\",\"@graph\":[{\"@type\":\"WebPage\",\"@id\":\"https:\/\/ssi24.org\/qui-som\/\",\"url\":\"https:\/\/ssi24.org\/qui-som\/\",\"name\":\"Qui som - Scito Super Impressi\u00f3 24\",\"isPartOf\":{\"@id\":\"https:\/\/ssi24.org\/#website\"},\"datePublished\":\"2021-12-25T12:42:21+00:00\",\"dateModified\":\"2024-08-03T12:21:09+00:00\",\"description\":\"A Scito Super Impressi\u00f3, creiem fermament que la cultura \u00e9s una poderosa eina d'empoderament personal i col\u00b7lectiu.\",\"breadcrumb\":{\"@id\":\"https:\/\/ssi24.org\/qui-som\/#breadcrumb\"},\"inLanguage\":\"es\",\"potentialAction\":[{\"@type\":\"ReadAction\",\"target\":[\"https:\/\/ssi24.org\/qui-som\/\"]}]},{\"@type\":\"BreadcrumbList\",\"@id\":\"https:\/\/ssi24.org\/qui-som\/#breadcrumb\",\"itemListElement\":[{\"@type\":\"ListItem\",\"position\":1,\"name\":\"Inici\",\"item\":\"https:\/\/ssi24.org\/\"},{\"@type\":\"ListItem\",\"position\":2,\"name\":\"Qui som\"}]},{\"@type\":\"WebSite\",\"@id\":\"https:\/\/ssi24.org\/#website\",\"url\":\"https:\/\/ssi24.org\/\",\"name\":\"Scito Super Impressi\u00f3 24\",\"description\":\"\",\"publisher\":{\"@id\":\"https:\/\/ssi24.org\/#organization\"},\"potentialAction\":[{\"@type\":\"SearchAction\",\"target\":{\"@type\":\"EntryPoint\",\"urlTemplate\":\"https:\/\/ssi24.org\/?s={search_term_string}\"},\"query-input\":{\"@type\":\"PropertyValueSpecification\",\"valueRequired\":true,\"valueName\":\"search_term_string\"}}],\"inLanguage\":\"es\"},{\"@type\":\"Organization\",\"@id\":\"https:\/\/ssi24.org\/#organization\",\"name\":\"Scito Super Impressi\u00f3 24\",\"url\":\"https:\/\/ssi24.org\/\",\"logo\":{\"@type\":\"ImageObject\",\"inLanguage\":\"es\",\"@id\":\"https:\/\/ssi24.org\/#\/schema\/logo\/image\/\",\"url\":\"https:\/\/ssi24.org\/wp-content\/uploads\/2024\/08\/cropped-logoSSI24.png\",\"contentUrl\":\"https:\/\/ssi24.org\/wp-content\/uploads\/2024\/08\/cropped-logoSSI24.png\",\"width\":701,\"height\":264,\"caption\":\"Scito Super Impressi\u00f3 24\"},\"image\":{\"@id\":\"https:\/\/ssi24.org\/#\/schema\/logo\/image\/\"}}]}<\/script>\n<!-- \/ Yoast SEO plugin. -->","yoast_head_json":{"title":"Qui som - Scito Super Impressi\u00f3 24","description":"A Scito Super Impressi\u00f3, creiem fermament que la cultura \u00e9s una poderosa eina d'empoderament personal i col\u00b7lectiu.","robots":{"index":"index","follow":"follow","max-snippet":"max-snippet:-1","max-image-preview":"max-image-preview:large","max-video-preview":"max-video-preview:-1"},"canonical":"https:\/\/ssi24.org\/es\/qui-som\/","og_locale":"es_ES","og_type":"article","og_title":"Qui som - Scito Super Impressi\u00f3 24","og_description":"A Scito Super Impressi\u00f3, creiem fermament que la cultura \u00e9s una poderosa eina d'empoderament personal i col\u00b7lectiu.","og_url":"https:\/\/ssi24.org\/es\/qui-som\/","og_site_name":"Scito Super Impressi\u00f3 24","article_modified_time":"2024-08-03T12:21:09+00:00","twitter_card":"summary_large_image","twitter_misc":{"Tiempo de lectura":"2 minutos"},"schema":{"@context":"https:\/\/schema.org","@graph":[{"@type":"WebPage","@id":"https:\/\/ssi24.org\/qui-som\/","url":"https:\/\/ssi24.org\/qui-som\/","name":"Qui som - Scito Super Impressi\u00f3 24","isPartOf":{"@id":"https:\/\/ssi24.org\/#website"},"datePublished":"2021-12-25T12:42:21+00:00","dateModified":"2024-08-03T12:21:09+00:00","description":"A Scito Super Impressi\u00f3, creiem fermament que la cultura \u00e9s una poderosa eina d'empoderament personal i col\u00b7lectiu.","breadcrumb":{"@id":"https:\/\/ssi24.org\/qui-som\/#breadcrumb"},"inLanguage":"es","potentialAction":[{"@type":"ReadAction","target":["https:\/\/ssi24.org\/qui-som\/"]}]},{"@type":"BreadcrumbList","@id":"https:\/\/ssi24.org\/qui-som\/#breadcrumb","itemListElement":[{"@type":"ListItem","position":1,"name":"Inici","item":"https:\/\/ssi24.org\/"},{"@type":"ListItem","position":2,"name":"Qui som"}]},{"@type":"WebSite","@id":"https:\/\/ssi24.org\/#website","url":"https:\/\/ssi24.org\/","name":"Scito Super Impressi\u00f3 24","description":"","publisher":{"@id":"https:\/\/ssi24.org\/#organization"},"potentialAction":[{"@type":"SearchAction","target":{"@type":"EntryPoint","urlTemplate":"https:\/\/ssi24.org\/?s={search_term_string}"},"query-input":{"@type":"PropertyValueSpecification","valueRequired":true,"valueName":"search_term_string"}}],"inLanguage":"es"},{"@type":"Organization","@id":"https:\/\/ssi24.org\/#organization","name":"Scito Super Impressi\u00f3 24","url":"https:\/\/ssi24.org\/","logo":{"@type":"ImageObject","inLanguage":"es","@id":"https:\/\/ssi24.org\/#\/schema\/logo\/image\/","url":"https:\/\/ssi24.org\/wp-content\/uploads\/2024\/08\/cropped-logoSSI24.png","contentUrl":"https:\/\/ssi24.org\/wp-content\/uploads\/2024\/08\/cropped-logoSSI24.png","width":701,"height":264,"caption":"Scito Super Impressi\u00f3 24"},"image":{"@id":"https:\/\/ssi24.org\/#\/schema\/logo\/image\/"}}]}},"_links":{"self":[{"href":"https:\/\/ssi24.org\/es\/wp-json\/wp\/v2\/pages\/1002","targetHints":{"allow":["GET"]}}],"collection":[{"href":"https:\/\/ssi24.org\/es\/wp-json\/wp\/v2\/pages"}],"about":[{"href":"https:\/\/ssi24.org\/es\/wp-json\/wp\/v2\/types\/page"}],"author":[{"embeddable":true,"href":"https:\/\/ssi24.org\/es\/wp-json\/wp\/v2\/users\/1"}],"replies":[{"embeddable":true,"href":"https:\/\/ssi24.org\/es\/wp-json\/wp\/v2\/comments?post=1002"}],"version-history":[{"count":33,"href":"https:\/\/ssi24.org\/es\/wp-json\/wp\/v2\/pages\/1002\/revisions"}],"predecessor-version":[{"id":1607,"href":"https:\/\/ssi24.org\/es\/wp-json\/wp\/v2\/pages\/1002\/revisions\/1607"}],"wp:attachment":[{"href":"https:\/\/ssi24.org\/es\/wp-json\/wp\/v2\/media?parent=1002"}],"curies":[{"name":"wp","href":"https:\/\/api.w.org\/{rel}","templated":true}]}}