{"id":1041,"date":"2024-05-23T09:16:08","date_gmt":"2024-05-23T07:16:08","guid":{"rendered":"https:\/\/ssi24.org\/?post_type=product&#038;p=1041"},"modified":"2024-07-29T12:31:44","modified_gmt":"2024-07-29T10:31:44","slug":"ucronies-historia-alternativa","status":"publish","type":"product","link":"https:\/\/ssi24.org\/es\/product\/ucronies-historia-alternativa\/","title":{"rendered":"Ucronies. Hist\u00f2ria alternativa."},"content":{"rendered":"","protected":false},"excerpt":{"rendered":"<p>La supervivencia de la sociedad depende de una nueva visi\u00f3n del mundo, una \"utop\u00eda en el tiempo\" que defin\u00eda el fil\u00f3sofo Charles Renouvier en el siglo XIX y que acu\u00f1\u00f3 con el t\u00e9rmino \"ucron\u00eda\". No estamos seguros de nada, de las historias que nos han contado hasta ahora los ganadores, el fracaso real de las guerras, la muerte de cantantes, dictadores y personajes que han realizado grandes hitos hist\u00f3ricos\u2026 Es verdad lo que aparece en los libros de historia ? \u00bfHa sucedido lo que narran los autores y autoras de este libro? <em>Ucronies. Hist\u00f2ria alternativa<\/em> es una muestra de diferentes momentos de divergencia que justamente permiten explorar caminos nunca explorados y profundizar en sucesos que requieren un conocimiento previo de la historia, de lo ocurrido y que distintas voces han vivido y narrado. \u00a1Ad\u00e9ntrate en una nueva realidad!<\/p>\n<p>\u00abAdvertencia al lector: en este libro encontrar\u00e1s todas las respuestas a las preguntas que jam\u00e1s te has hecho, sabr\u00e1s las verdades que nunca nadie te ha contado y descubrir\u00e1s los secretos mejor guardados de la historia. Pero debes saber que si juegas al juego de las ucron\u00edas, ya no hay vuelta atr\u00e1s\u00bb.<\/p>","protected":false},"featured_media":1057,"comment_status":"open","ping_status":"closed","template":"","meta":{"_kadence_starter_templates_imported_post":false,"_kad_post_transparent":"default","_kad_post_title":"","_kad_post_layout":"default","_kad_post_sidebar_id":"","_kad_post_content_style":"default","_kad_post_vertical_padding":"default","_kad_post_feature":"","_kad_post_feature_position":"","_kad_post_header":false,"_kad_post_footer":false},"product_brand":[],"product_cat":[22],"product_tag":[],"class_list":{"0":"post-1041","1":"product","2":"type-product","3":"status-publish","4":"has-post-thumbnail","6":"product_cat-narrativa","8":"first","9":"instock","10":"taxable","11":"shipping-taxable","12":"purchasable","13":"product-type-simple","14":"entry","15":"content-bg","16":"loop-entry"},"yoast_head":"<!-- This site is optimized with the Yoast SEO plugin v25.6 - https:\/\/yoast.com\/wordpress\/plugins\/seo\/ -->\n<title>Ucronies. Hist\u00f2ria alternativa. - Scito Super Impressi\u00f3 24<\/title>\n<meta name=\"robots\" content=\"index, follow, max-snippet:-1, max-image-preview:large, max-video-preview:-1\" \/>\n<link rel=\"canonical\" href=\"https:\/\/ssi24.org\/es\/product\/ucronies-historia-alternativa\/\" \/>\n<meta property=\"og:locale\" content=\"es_ES\" \/>\n<meta property=\"og:type\" content=\"article\" \/>\n<meta property=\"og:title\" content=\"Ucronies. Hist\u00f2ria alternativa. - Scito Super Impressi\u00f3 24\" \/>\n<meta property=\"og:description\" content=\"La superviv\u00e8ncia de la societat dep\u00e9n d\u2019una nova visi\u00f3 del m\u00f3n, una \u00abutopia en el temps\u00bb que definia el fil\u00f2sof Charles Renouvier al segle XIX i que va encunyar amb el terme \u00abucronia\u00bb. No estem segurs de res, de les hist\u00f2ries que ens han contat fins ara els guanyadors, el frac\u00e0s real de les guerres, la mort de cantants, dictadors i personatges que han realitzat grans fites hist\u00f2riques... \u00c9s veritat el que apareix als llibres d\u2019hist\u00f2ria? Ha succe\u00eft el que narren els autors i les autores d\u2019aquest llibre? Ucronies. Hist\u00f2ria alternativa \u00e9s una mostra de diferents moments de diverg\u00e8ncia que justament permeten explorar camins mai explorats i aprofundir en successos que requereixen un coneixement previ de la hist\u00f2ria, del que va oc\u00f3rrer i que diferents veus han viscut i han narrat. Endinsa\u2019t en una nova realitat!  \u00abAdvert\u00e8ncia al lector: en aquest llibre trobar\u00e0s totes les respostes a les preguntes que mai no t\u2019has fet, sabr\u00e0s les veritats que mai ning\u00fa no t\u2019ha explicat i descobrir\u00e0s els secrets m\u00e9s ben guardats de la hist\u00f2ria. Per\u00f2 has de saber que si jugues al joc de les ucronies, ja no hi ha marxa enrere\u00bb.\" \/>\n<meta property=\"og:url\" content=\"https:\/\/ssi24.org\/es\/product\/ucronies-historia-alternativa\/\" \/>\n<meta property=\"og:site_name\" content=\"Scito Super Impressi\u00f3 24\" \/>\n<meta property=\"article:modified_time\" content=\"2024-07-29T10:31:44+00:00\" \/>\n<meta property=\"og:image\" content=\"https:\/\/ssi24.org\/wp-content\/uploads\/2024\/05\/ucronies-1.png\" \/>\n\t<meta property=\"og:image:width\" content=\"625\" \/>\n\t<meta property=\"og:image:height\" content=\"885\" \/>\n\t<meta property=\"og:image:type\" content=\"image\/png\" \/>\n<meta name=\"twitter:card\" content=\"summary_large_image\" \/>\n<script type=\"application\/ld+json\" class=\"yoast-schema-graph\">{\"@context\":\"https:\/\/schema.org\",\"@graph\":[{\"@type\":\"WebPage\",\"@id\":\"https:\/\/ssi24.org\/product\/ucronies-historia-alternativa\/\",\"url\":\"https:\/\/ssi24.org\/product\/ucronies-historia-alternativa\/\",\"name\":\"Ucronies. Hist\u00f2ria alternativa. - Scito Super Impressi\u00f3 24\",\"isPartOf\":{\"@id\":\"https:\/\/ssi24.org\/#website\"},\"primaryImageOfPage\":{\"@id\":\"https:\/\/ssi24.org\/product\/ucronies-historia-alternativa\/#primaryimage\"},\"image\":{\"@id\":\"https:\/\/ssi24.org\/product\/ucronies-historia-alternativa\/#primaryimage\"},\"thumbnailUrl\":\"https:\/\/ssi24.org\/wp-content\/uploads\/2024\/05\/ucronies-1.png\",\"datePublished\":\"2024-05-23T07:16:08+00:00\",\"dateModified\":\"2024-07-29T10:31:44+00:00\",\"breadcrumb\":{\"@id\":\"https:\/\/ssi24.org\/product\/ucronies-historia-alternativa\/#breadcrumb\"},\"inLanguage\":\"es\",\"potentialAction\":[{\"@type\":\"ReadAction\",\"target\":[\"https:\/\/ssi24.org\/product\/ucronies-historia-alternativa\/\"]}]},{\"@type\":\"ImageObject\",\"inLanguage\":\"es\",\"@id\":\"https:\/\/ssi24.org\/product\/ucronies-historia-alternativa\/#primaryimage\",\"url\":\"https:\/\/ssi24.org\/wp-content\/uploads\/2024\/05\/ucronies-1.png\",\"contentUrl\":\"https:\/\/ssi24.org\/wp-content\/uploads\/2024\/05\/ucronies-1.png\",\"width\":625,\"height\":885},{\"@type\":\"BreadcrumbList\",\"@id\":\"https:\/\/ssi24.org\/product\/ucronies-historia-alternativa\/#breadcrumb\",\"itemListElement\":[{\"@type\":\"ListItem\",\"position\":1,\"name\":\"Inici\",\"item\":\"https:\/\/ssi24.org\/\"},{\"@type\":\"ListItem\",\"position\":2,\"name\":\"Cat\u00e0leg\",\"item\":\"https:\/\/ssi24.org\/cataleg\/\"},{\"@type\":\"ListItem\",\"position\":3,\"name\":\"Ucronies. Hist\u00f2ria alternativa.\"}]},{\"@type\":\"WebSite\",\"@id\":\"https:\/\/ssi24.org\/#website\",\"url\":\"https:\/\/ssi24.org\/\",\"name\":\"Scito Super Impressi\u00f3 24\",\"description\":\"\",\"publisher\":{\"@id\":\"https:\/\/ssi24.org\/#organization\"},\"potentialAction\":[{\"@type\":\"SearchAction\",\"target\":{\"@type\":\"EntryPoint\",\"urlTemplate\":\"https:\/\/ssi24.org\/?s={search_term_string}\"},\"query-input\":{\"@type\":\"PropertyValueSpecification\",\"valueRequired\":true,\"valueName\":\"search_term_string\"}}],\"inLanguage\":\"es\"},{\"@type\":\"Organization\",\"@id\":\"https:\/\/ssi24.org\/#organization\",\"name\":\"Scito Super Impressi\u00f3 24\",\"url\":\"https:\/\/ssi24.org\/\",\"logo\":{\"@type\":\"ImageObject\",\"inLanguage\":\"es\",\"@id\":\"https:\/\/ssi24.org\/#\/schema\/logo\/image\/\",\"url\":\"https:\/\/ssi24.org\/wp-content\/uploads\/2024\/08\/cropped-logoSSI24.png\",\"contentUrl\":\"https:\/\/ssi24.org\/wp-content\/uploads\/2024\/08\/cropped-logoSSI24.png\",\"width\":701,\"height\":264,\"caption\":\"Scito Super Impressi\u00f3 24\"},\"image\":{\"@id\":\"https:\/\/ssi24.org\/#\/schema\/logo\/image\/\"}}]}<\/script>\n<!-- \/ Yoast SEO plugin. -->","yoast_head_json":{"title":"Ucronies. Hist\u00f2ria alternativa. - Scito Super Impressi\u00f3 24","robots":{"index":"index","follow":"follow","max-snippet":"max-snippet:-1","max-image-preview":"max-image-preview:large","max-video-preview":"max-video-preview:-1"},"canonical":"https:\/\/ssi24.org\/es\/product\/ucronies-historia-alternativa\/","og_locale":"es_ES","og_type":"article","og_title":"Ucronies. Hist\u00f2ria alternativa. - Scito Super Impressi\u00f3 24","og_description":"La superviv\u00e8ncia de la societat dep\u00e9n d\u2019una nova visi\u00f3 del m\u00f3n, una \u00abutopia en el temps\u00bb que definia el fil\u00f2sof Charles Renouvier al segle XIX i que va encunyar amb el terme \u00abucronia\u00bb. No estem segurs de res, de les hist\u00f2ries que ens han contat fins ara els guanyadors, el frac\u00e0s real de les guerres, la mort de cantants, dictadors i personatges que han realitzat grans fites hist\u00f2riques... \u00c9s veritat el que apareix als llibres d\u2019hist\u00f2ria? Ha succe\u00eft el que narren els autors i les autores d\u2019aquest llibre? Ucronies. Hist\u00f2ria alternativa \u00e9s una mostra de diferents moments de diverg\u00e8ncia que justament permeten explorar camins mai explorats i aprofundir en successos que requereixen un coneixement previ de la hist\u00f2ria, del que va oc\u00f3rrer i que diferents veus han viscut i han narrat. Endinsa\u2019t en una nova realitat!  \u00abAdvert\u00e8ncia al lector: en aquest llibre trobar\u00e0s totes les respostes a les preguntes que mai no t\u2019has fet, sabr\u00e0s les veritats que mai ning\u00fa no t\u2019ha explicat i descobrir\u00e0s els secrets m\u00e9s ben guardats de la hist\u00f2ria. Per\u00f2 has de saber que si jugues al joc de les ucronies, ja no hi ha marxa enrere\u00bb.","og_url":"https:\/\/ssi24.org\/es\/product\/ucronies-historia-alternativa\/","og_site_name":"Scito Super Impressi\u00f3 24","article_modified_time":"2024-07-29T10:31:44+00:00","og_image":[{"width":625,"height":885,"url":"https:\/\/ssi24.org\/wp-content\/uploads\/2024\/05\/ucronies-1.png","type":"image\/png"}],"twitter_card":"summary_large_image","schema":{"@context":"https:\/\/schema.org","@graph":[{"@type":"WebPage","@id":"https:\/\/ssi24.org\/product\/ucronies-historia-alternativa\/","url":"https:\/\/ssi24.org\/product\/ucronies-historia-alternativa\/","name":"Ucronies. Hist\u00f2ria alternativa. - Scito Super Impressi\u00f3 24","isPartOf":{"@id":"https:\/\/ssi24.org\/#website"},"primaryImageOfPage":{"@id":"https:\/\/ssi24.org\/product\/ucronies-historia-alternativa\/#primaryimage"},"image":{"@id":"https:\/\/ssi24.org\/product\/ucronies-historia-alternativa\/#primaryimage"},"thumbnailUrl":"https:\/\/ssi24.org\/wp-content\/uploads\/2024\/05\/ucronies-1.png","datePublished":"2024-05-23T07:16:08+00:00","dateModified":"2024-07-29T10:31:44+00:00","breadcrumb":{"@id":"https:\/\/ssi24.org\/product\/ucronies-historia-alternativa\/#breadcrumb"},"inLanguage":"es","potentialAction":[{"@type":"ReadAction","target":["https:\/\/ssi24.org\/product\/ucronies-historia-alternativa\/"]}]},{"@type":"ImageObject","inLanguage":"es","@id":"https:\/\/ssi24.org\/product\/ucronies-historia-alternativa\/#primaryimage","url":"https:\/\/ssi24.org\/wp-content\/uploads\/2024\/05\/ucronies-1.png","contentUrl":"https:\/\/ssi24.org\/wp-content\/uploads\/2024\/05\/ucronies-1.png","width":625,"height":885},{"@type":"BreadcrumbList","@id":"https:\/\/ssi24.org\/product\/ucronies-historia-alternativa\/#breadcrumb","itemListElement":[{"@type":"ListItem","position":1,"name":"Inici","item":"https:\/\/ssi24.org\/"},{"@type":"ListItem","position":2,"name":"Cat\u00e0leg","item":"https:\/\/ssi24.org\/cataleg\/"},{"@type":"ListItem","position":3,"name":"Ucronies. Hist\u00f2ria alternativa."}]},{"@type":"WebSite","@id":"https:\/\/ssi24.org\/#website","url":"https:\/\/ssi24.org\/","name":"Scito Super Impressi\u00f3 24","description":"","publisher":{"@id":"https:\/\/ssi24.org\/#organization"},"potentialAction":[{"@type":"SearchAction","target":{"@type":"EntryPoint","urlTemplate":"https:\/\/ssi24.org\/?s={search_term_string}"},"query-input":{"@type":"PropertyValueSpecification","valueRequired":true,"valueName":"search_term_string"}}],"inLanguage":"es"},{"@type":"Organization","@id":"https:\/\/ssi24.org\/#organization","name":"Scito Super Impressi\u00f3 24","url":"https:\/\/ssi24.org\/","logo":{"@type":"ImageObject","inLanguage":"es","@id":"https:\/\/ssi24.org\/#\/schema\/logo\/image\/","url":"https:\/\/ssi24.org\/wp-content\/uploads\/2024\/08\/cropped-logoSSI24.png","contentUrl":"https:\/\/ssi24.org\/wp-content\/uploads\/2024\/08\/cropped-logoSSI24.png","width":701,"height":264,"caption":"Scito Super Impressi\u00f3 24"},"image":{"@id":"https:\/\/ssi24.org\/#\/schema\/logo\/image\/"}}]}},"_links":{"self":[{"href":"https:\/\/ssi24.org\/es\/wp-json\/wp\/v2\/product\/1041","targetHints":{"allow":["GET"]}}],"collection":[{"href":"https:\/\/ssi24.org\/es\/wp-json\/wp\/v2\/product"}],"about":[{"href":"https:\/\/ssi24.org\/es\/wp-json\/wp\/v2\/types\/product"}],"replies":[{"embeddable":true,"href":"https:\/\/ssi24.org\/es\/wp-json\/wp\/v2\/comments?post=1041"}],"wp:featuredmedia":[{"embeddable":true,"href":"https:\/\/ssi24.org\/es\/wp-json\/wp\/v2\/media\/1057"}],"wp:attachment":[{"href":"https:\/\/ssi24.org\/es\/wp-json\/wp\/v2\/media?parent=1041"}],"wp:term":[{"taxonomy":"product_brand","embeddable":true,"href":"https:\/\/ssi24.org\/es\/wp-json\/wp\/v2\/product_brand?post=1041"},{"taxonomy":"product_cat","embeddable":true,"href":"https:\/\/ssi24.org\/es\/wp-json\/wp\/v2\/product_cat?post=1041"},{"taxonomy":"product_tag","embeddable":true,"href":"https:\/\/ssi24.org\/es\/wp-json\/wp\/v2\/product_tag?post=1041"}],"curies":[{"name":"wp","href":"https:\/\/api.w.org\/{rel}","templated":true}]}}