{"id":1042,"date":"2024-05-23T09:16:08","date_gmt":"2024-05-23T07:16:08","guid":{"rendered":"https:\/\/ssi24.org\/?post_type=product&#038;p=1042"},"modified":"2024-07-29T12:32:08","modified_gmt":"2024-07-29T10:32:08","slug":"pous-de-memoria-terrats-a-vora-mar","status":"publish","type":"product","link":"https:\/\/ssi24.org\/es\/product\/pous-de-memoria-terrats-a-vora-mar\/","title":{"rendered":"Pous de mem\u00f2ria. Terrats a vora mar."},"content":{"rendered":"","protected":false},"excerpt":{"rendered":"<p class=\"western\" lang=\"en-US\" align=\"left\"><span lang=\"es-ES\">Escucha el rumor del mar, imagina el silencio y las conversaciones al pasar del d\u00eda a d\u00eda de la sociedad y emborracha tus sentidos por descubrir el Mediterr\u00e1neo en tu piel. Una narrativa fresca que nos invita a empezar muchas cuestiones generacionales, de costumbres y del uso de la lengua. Conocer\u00e1s las vivencias de la poblaci\u00f3n de D\u00e9nia en una vor\u00e1gine de relatos que te trasladar\u00e1n, entre ficci\u00f3n y realidad, a ambientes marineros, abiertos y multiculturales, de ahora y antes.<\/span><\/p>","protected":false},"featured_media":1058,"comment_status":"open","ping_status":"closed","template":"","meta":{"_kadence_starter_templates_imported_post":false,"_kad_post_transparent":"default","_kad_post_title":"","_kad_post_layout":"default","_kad_post_sidebar_id":"","_kad_post_content_style":"default","_kad_post_vertical_padding":"default","_kad_post_feature":"","_kad_post_feature_position":"","_kad_post_header":false,"_kad_post_footer":false},"product_brand":[],"product_cat":[22],"product_tag":[],"class_list":{"0":"post-1042","1":"product","2":"type-product","3":"status-publish","4":"has-post-thumbnail","6":"product_cat-narrativa","8":"first","9":"instock","10":"taxable","11":"shipping-taxable","12":"purchasable","13":"product-type-simple","14":"entry","15":"content-bg","16":"loop-entry"},"yoast_head":"<!-- This site is optimized with the Yoast SEO plugin v25.6 - https:\/\/yoast.com\/wordpress\/plugins\/seo\/ -->\n<title>Pous de mem\u00f2ria. Terrats a vora mar. - Scito Super Impressi\u00f3 24<\/title>\n<meta name=\"robots\" content=\"index, follow, max-snippet:-1, max-image-preview:large, max-video-preview:-1\" \/>\n<link rel=\"canonical\" href=\"https:\/\/ssi24.org\/es\/product\/pous-de-memoria-terrats-a-vora-mar\/\" \/>\n<meta property=\"og:locale\" content=\"es_ES\" \/>\n<meta property=\"og:type\" content=\"article\" \/>\n<meta property=\"og:title\" content=\"Pous de mem\u00f2ria. Terrats a vora mar. - Scito Super Impressi\u00f3 24\" \/>\n<meta property=\"og:description\" content=\"Escolta el rumor de la mar, imagina el silenci i les converses en el passar del dia a dia de la societat i emborratxa els teus sentits per descobrir el Mediterrani en la teua pell. Una narrativa fresca que ens convida a encetar moltes q\u00fcestions generacionals, de costums i de l\u2019\u00fas de la llengua. Coneixer\u00e0s les viv\u00e8ncies de la poblaci\u00f3 de D\u00e9nia en una vor\u00e0gine de relats que et traslladaran, entre ficci\u00f3 i realitat, a ambients mariners, oberts i multiculturals, d\u2019ara i d\u2019abans.\" \/>\n<meta property=\"og:url\" content=\"https:\/\/ssi24.org\/es\/product\/pous-de-memoria-terrats-a-vora-mar\/\" \/>\n<meta property=\"og:site_name\" content=\"Scito Super Impressi\u00f3 24\" \/>\n<meta property=\"article:modified_time\" content=\"2024-07-29T10:32:08+00:00\" \/>\n<meta property=\"og:image\" content=\"https:\/\/ssi24.org\/wp-content\/uploads\/2024\/05\/pous-de-memoria.png\" \/>\n\t<meta property=\"og:image:width\" content=\"626\" \/>\n\t<meta property=\"og:image:height\" content=\"885\" \/>\n\t<meta property=\"og:image:type\" content=\"image\/png\" \/>\n<meta name=\"twitter:card\" content=\"summary_large_image\" \/>\n<script type=\"application\/ld+json\" class=\"yoast-schema-graph\">{\"@context\":\"https:\/\/schema.org\",\"@graph\":[{\"@type\":\"WebPage\",\"@id\":\"https:\/\/ssi24.org\/product\/pous-de-memoria-terrats-a-vora-mar\/\",\"url\":\"https:\/\/ssi24.org\/product\/pous-de-memoria-terrats-a-vora-mar\/\",\"name\":\"Pous de mem\u00f2ria. Terrats a vora mar. - Scito Super Impressi\u00f3 24\",\"isPartOf\":{\"@id\":\"https:\/\/ssi24.org\/#website\"},\"primaryImageOfPage\":{\"@id\":\"https:\/\/ssi24.org\/product\/pous-de-memoria-terrats-a-vora-mar\/#primaryimage\"},\"image\":{\"@id\":\"https:\/\/ssi24.org\/product\/pous-de-memoria-terrats-a-vora-mar\/#primaryimage\"},\"thumbnailUrl\":\"https:\/\/ssi24.org\/wp-content\/uploads\/2024\/05\/pous-de-memoria.png\",\"datePublished\":\"2024-05-23T07:16:08+00:00\",\"dateModified\":\"2024-07-29T10:32:08+00:00\",\"breadcrumb\":{\"@id\":\"https:\/\/ssi24.org\/product\/pous-de-memoria-terrats-a-vora-mar\/#breadcrumb\"},\"inLanguage\":\"es\",\"potentialAction\":[{\"@type\":\"ReadAction\",\"target\":[\"https:\/\/ssi24.org\/product\/pous-de-memoria-terrats-a-vora-mar\/\"]}]},{\"@type\":\"ImageObject\",\"inLanguage\":\"es\",\"@id\":\"https:\/\/ssi24.org\/product\/pous-de-memoria-terrats-a-vora-mar\/#primaryimage\",\"url\":\"https:\/\/ssi24.org\/wp-content\/uploads\/2024\/05\/pous-de-memoria.png\",\"contentUrl\":\"https:\/\/ssi24.org\/wp-content\/uploads\/2024\/05\/pous-de-memoria.png\",\"width\":626,\"height\":885},{\"@type\":\"BreadcrumbList\",\"@id\":\"https:\/\/ssi24.org\/product\/pous-de-memoria-terrats-a-vora-mar\/#breadcrumb\",\"itemListElement\":[{\"@type\":\"ListItem\",\"position\":1,\"name\":\"Inici\",\"item\":\"https:\/\/ssi24.org\/\"},{\"@type\":\"ListItem\",\"position\":2,\"name\":\"Cat\u00e0leg\",\"item\":\"https:\/\/ssi24.org\/cataleg\/\"},{\"@type\":\"ListItem\",\"position\":3,\"name\":\"Pous de mem\u00f2ria. Terrats a vora mar.\"}]},{\"@type\":\"WebSite\",\"@id\":\"https:\/\/ssi24.org\/#website\",\"url\":\"https:\/\/ssi24.org\/\",\"name\":\"Scito Super Impressi\u00f3 24\",\"description\":\"\",\"publisher\":{\"@id\":\"https:\/\/ssi24.org\/#organization\"},\"potentialAction\":[{\"@type\":\"SearchAction\",\"target\":{\"@type\":\"EntryPoint\",\"urlTemplate\":\"https:\/\/ssi24.org\/?s={search_term_string}\"},\"query-input\":{\"@type\":\"PropertyValueSpecification\",\"valueRequired\":true,\"valueName\":\"search_term_string\"}}],\"inLanguage\":\"es\"},{\"@type\":\"Organization\",\"@id\":\"https:\/\/ssi24.org\/#organization\",\"name\":\"Scito Super Impressi\u00f3 24\",\"url\":\"https:\/\/ssi24.org\/\",\"logo\":{\"@type\":\"ImageObject\",\"inLanguage\":\"es\",\"@id\":\"https:\/\/ssi24.org\/#\/schema\/logo\/image\/\",\"url\":\"https:\/\/ssi24.org\/wp-content\/uploads\/2024\/08\/cropped-logoSSI24.png\",\"contentUrl\":\"https:\/\/ssi24.org\/wp-content\/uploads\/2024\/08\/cropped-logoSSI24.png\",\"width\":701,\"height\":264,\"caption\":\"Scito Super Impressi\u00f3 24\"},\"image\":{\"@id\":\"https:\/\/ssi24.org\/#\/schema\/logo\/image\/\"}}]}<\/script>\n<!-- \/ Yoast SEO plugin. -->","yoast_head_json":{"title":"Pous de mem\u00f2ria. Terrats a vora mar. - Scito Super Impressi\u00f3 24","robots":{"index":"index","follow":"follow","max-snippet":"max-snippet:-1","max-image-preview":"max-image-preview:large","max-video-preview":"max-video-preview:-1"},"canonical":"https:\/\/ssi24.org\/es\/product\/pous-de-memoria-terrats-a-vora-mar\/","og_locale":"es_ES","og_type":"article","og_title":"Pous de mem\u00f2ria. Terrats a vora mar. - Scito Super Impressi\u00f3 24","og_description":"Escolta el rumor de la mar, imagina el silenci i les converses en el passar del dia a dia de la societat i emborratxa els teus sentits per descobrir el Mediterrani en la teua pell. Una narrativa fresca que ens convida a encetar moltes q\u00fcestions generacionals, de costums i de l\u2019\u00fas de la llengua. Coneixer\u00e0s les viv\u00e8ncies de la poblaci\u00f3 de D\u00e9nia en una vor\u00e0gine de relats que et traslladaran, entre ficci\u00f3 i realitat, a ambients mariners, oberts i multiculturals, d\u2019ara i d\u2019abans.","og_url":"https:\/\/ssi24.org\/es\/product\/pous-de-memoria-terrats-a-vora-mar\/","og_site_name":"Scito Super Impressi\u00f3 24","article_modified_time":"2024-07-29T10:32:08+00:00","og_image":[{"width":626,"height":885,"url":"https:\/\/ssi24.org\/wp-content\/uploads\/2024\/05\/pous-de-memoria.png","type":"image\/png"}],"twitter_card":"summary_large_image","schema":{"@context":"https:\/\/schema.org","@graph":[{"@type":"WebPage","@id":"https:\/\/ssi24.org\/product\/pous-de-memoria-terrats-a-vora-mar\/","url":"https:\/\/ssi24.org\/product\/pous-de-memoria-terrats-a-vora-mar\/","name":"Pous de mem\u00f2ria. Terrats a vora mar. - Scito Super Impressi\u00f3 24","isPartOf":{"@id":"https:\/\/ssi24.org\/#website"},"primaryImageOfPage":{"@id":"https:\/\/ssi24.org\/product\/pous-de-memoria-terrats-a-vora-mar\/#primaryimage"},"image":{"@id":"https:\/\/ssi24.org\/product\/pous-de-memoria-terrats-a-vora-mar\/#primaryimage"},"thumbnailUrl":"https:\/\/ssi24.org\/wp-content\/uploads\/2024\/05\/pous-de-memoria.png","datePublished":"2024-05-23T07:16:08+00:00","dateModified":"2024-07-29T10:32:08+00:00","breadcrumb":{"@id":"https:\/\/ssi24.org\/product\/pous-de-memoria-terrats-a-vora-mar\/#breadcrumb"},"inLanguage":"es","potentialAction":[{"@type":"ReadAction","target":["https:\/\/ssi24.org\/product\/pous-de-memoria-terrats-a-vora-mar\/"]}]},{"@type":"ImageObject","inLanguage":"es","@id":"https:\/\/ssi24.org\/product\/pous-de-memoria-terrats-a-vora-mar\/#primaryimage","url":"https:\/\/ssi24.org\/wp-content\/uploads\/2024\/05\/pous-de-memoria.png","contentUrl":"https:\/\/ssi24.org\/wp-content\/uploads\/2024\/05\/pous-de-memoria.png","width":626,"height":885},{"@type":"BreadcrumbList","@id":"https:\/\/ssi24.org\/product\/pous-de-memoria-terrats-a-vora-mar\/#breadcrumb","itemListElement":[{"@type":"ListItem","position":1,"name":"Inici","item":"https:\/\/ssi24.org\/"},{"@type":"ListItem","position":2,"name":"Cat\u00e0leg","item":"https:\/\/ssi24.org\/cataleg\/"},{"@type":"ListItem","position":3,"name":"Pous de mem\u00f2ria. Terrats a vora mar."}]},{"@type":"WebSite","@id":"https:\/\/ssi24.org\/#website","url":"https:\/\/ssi24.org\/","name":"Scito Super Impressi\u00f3 24","description":"","publisher":{"@id":"https:\/\/ssi24.org\/#organization"},"potentialAction":[{"@type":"SearchAction","target":{"@type":"EntryPoint","urlTemplate":"https:\/\/ssi24.org\/?s={search_term_string}"},"query-input":{"@type":"PropertyValueSpecification","valueRequired":true,"valueName":"search_term_string"}}],"inLanguage":"es"},{"@type":"Organization","@id":"https:\/\/ssi24.org\/#organization","name":"Scito Super Impressi\u00f3 24","url":"https:\/\/ssi24.org\/","logo":{"@type":"ImageObject","inLanguage":"es","@id":"https:\/\/ssi24.org\/#\/schema\/logo\/image\/","url":"https:\/\/ssi24.org\/wp-content\/uploads\/2024\/08\/cropped-logoSSI24.png","contentUrl":"https:\/\/ssi24.org\/wp-content\/uploads\/2024\/08\/cropped-logoSSI24.png","width":701,"height":264,"caption":"Scito Super Impressi\u00f3 24"},"image":{"@id":"https:\/\/ssi24.org\/#\/schema\/logo\/image\/"}}]}},"_links":{"self":[{"href":"https:\/\/ssi24.org\/es\/wp-json\/wp\/v2\/product\/1042","targetHints":{"allow":["GET"]}}],"collection":[{"href":"https:\/\/ssi24.org\/es\/wp-json\/wp\/v2\/product"}],"about":[{"href":"https:\/\/ssi24.org\/es\/wp-json\/wp\/v2\/types\/product"}],"replies":[{"embeddable":true,"href":"https:\/\/ssi24.org\/es\/wp-json\/wp\/v2\/comments?post=1042"}],"wp:featuredmedia":[{"embeddable":true,"href":"https:\/\/ssi24.org\/es\/wp-json\/wp\/v2\/media\/1058"}],"wp:attachment":[{"href":"https:\/\/ssi24.org\/es\/wp-json\/wp\/v2\/media?parent=1042"}],"wp:term":[{"taxonomy":"product_brand","embeddable":true,"href":"https:\/\/ssi24.org\/es\/wp-json\/wp\/v2\/product_brand?post=1042"},{"taxonomy":"product_cat","embeddable":true,"href":"https:\/\/ssi24.org\/es\/wp-json\/wp\/v2\/product_cat?post=1042"},{"taxonomy":"product_tag","embeddable":true,"href":"https:\/\/ssi24.org\/es\/wp-json\/wp\/v2\/product_tag?post=1042"}],"curies":[{"name":"wp","href":"https:\/\/api.w.org\/{rel}","templated":true}]}}