{"id":1043,"date":"2024-05-23T09:16:08","date_gmt":"2024-05-23T07:16:08","guid":{"rendered":"https:\/\/ssi24.org\/?post_type=product&#038;p=1043"},"modified":"2024-07-29T12:33:04","modified_gmt":"2024-07-29T10:33:04","slug":"senyals-del-territori-un-mapa-del-temps","status":"publish","type":"product","link":"https:\/\/ssi24.org\/es\/product\/senyals-del-territori-un-mapa-del-temps\/","title":{"rendered":"Senyals del territori. Un mapa del temps."},"content":{"rendered":"","protected":false},"excerpt":{"rendered":"<p class=\"western\" lang=\"en-US\"><span lang=\"ca-ES\">El laberinto actual de informaci\u00f3n parece no apaciguar un remolino que nos devora sin miramientos, mostr\u00e1ndonos un pasado nost\u00e1lgico y un presente vital pero desordenado. Sin embargo, en este caos siempre ha habido un remanente: la especie humana y la naturaleza. Los seres humanos hemos tenido una relaci\u00f3n milenaria con la flora y la fauna desde la agricultura, estudiando y transformando el paisaje que nos rodea. Investiga ahora c\u00f3mo y por qu\u00e9 se ha construido esta nueva \u00e9poca y cu\u00e1les son nuestras posibilidades de futuro.<\/span><\/p>\n<blockquote>\n<p class=\"western\" lang=\"en-US\"><span lang=\"ca-ES\">F\u00e8lix Edo Tena: <\/span><span lang=\"es-ES\">\u00a1Se trata de un proceso de creaci\u00f3n que da como resultado una imagen espacial que es capaz de sintetizar la realidad estrictamente material con las emociones y la memoria de quien ha interactuado con este paisaje!<\/span><span lang=\"es-ES\">.<\/span><\/p>\n<\/blockquote>","protected":false},"featured_media":1059,"comment_status":"open","ping_status":"closed","template":"","meta":{"_kadence_starter_templates_imported_post":false,"_kad_post_transparent":"default","_kad_post_title":"","_kad_post_layout":"default","_kad_post_sidebar_id":"","_kad_post_content_style":"default","_kad_post_vertical_padding":"default","_kad_post_feature":"","_kad_post_feature_position":"","_kad_post_header":false,"_kad_post_footer":false},"product_brand":[],"product_cat":[23],"product_tag":[],"class_list":{"0":"post-1043","1":"product","2":"type-product","3":"status-publish","4":"has-post-thumbnail","6":"product_cat-assaig","8":"first","9":"instock","10":"taxable","11":"shipping-taxable","12":"purchasable","13":"product-type-simple","14":"entry","15":"content-bg","16":"loop-entry"},"yoast_head":"<!-- This site is optimized with the Yoast SEO plugin v25.6 - https:\/\/yoast.com\/wordpress\/plugins\/seo\/ -->\n<title>Senyals del territori. Un mapa del temps. - Scito Super Impressi\u00f3 24<\/title>\n<meta name=\"robots\" content=\"index, follow, max-snippet:-1, max-image-preview:large, max-video-preview:-1\" \/>\n<link rel=\"canonical\" href=\"https:\/\/ssi24.org\/es\/product\/senyals-del-territori-un-mapa-del-temps\/\" \/>\n<meta property=\"og:locale\" content=\"es_ES\" \/>\n<meta property=\"og:type\" content=\"article\" \/>\n<meta property=\"og:title\" content=\"Senyals del territori. Un mapa del temps. - Scito Super Impressi\u00f3 24\" \/>\n<meta property=\"og:description\" content=\"El laberint actual d\u2019informaci\u00f3 pareix no apaivagar un remol\u00ed que ens devora sense miraments, mostrant-nos un passat nost\u00e0lgic i un present vital per\u00f2 desordenat. Tot i aix\u00ed, en aquest caos sempre hi ha hagut un romanent: l\u2019esp\u00e8cie humana i la naturalesa. Els \u00e9ssers humans hem tingut una relaci\u00f3 mil\u00b7len\u00e0ria amb la flora i fauna des de l\u2019agricultura, estudiant i transformant el paisatge que ens envolta. Investiga ara com i per qu\u00e8 s\u2019ha construit aquesta nova \u00e8poca i quines s\u00f3n les nostres possibilitats de futur.   F\u00e8lix Edo Tena: Es tracta d\u2019un proc\u00e9s de creaci\u00f3 que d\u00f3na com a resultat una imatge espacial que \u00e9s capa\u00e7 de sintetitzar la realitat estrictament material amb les emocions i la mem\u00f2ria de qui ha interactuat amb aquest paisatge!.\" \/>\n<meta property=\"og:url\" content=\"https:\/\/ssi24.org\/es\/product\/senyals-del-territori-un-mapa-del-temps\/\" \/>\n<meta property=\"og:site_name\" content=\"Scito Super Impressi\u00f3 24\" \/>\n<meta property=\"article:modified_time\" content=\"2024-07-29T10:33:04+00:00\" \/>\n<meta property=\"og:image\" content=\"https:\/\/ssi24.org\/wp-content\/uploads\/2024\/05\/senyals-del-territori.png\" \/>\n\t<meta property=\"og:image:width\" content=\"626\" \/>\n\t<meta property=\"og:image:height\" content=\"885\" \/>\n\t<meta property=\"og:image:type\" content=\"image\/png\" \/>\n<meta name=\"twitter:card\" content=\"summary_large_image\" \/>\n<script type=\"application\/ld+json\" class=\"yoast-schema-graph\">{\"@context\":\"https:\/\/schema.org\",\"@graph\":[{\"@type\":\"WebPage\",\"@id\":\"https:\/\/ssi24.org\/product\/senyals-del-territori-un-mapa-del-temps\/\",\"url\":\"https:\/\/ssi24.org\/product\/senyals-del-territori-un-mapa-del-temps\/\",\"name\":\"Senyals del territori. Un mapa del temps. - Scito Super Impressi\u00f3 24\",\"isPartOf\":{\"@id\":\"https:\/\/ssi24.org\/#website\"},\"primaryImageOfPage\":{\"@id\":\"https:\/\/ssi24.org\/product\/senyals-del-territori-un-mapa-del-temps\/#primaryimage\"},\"image\":{\"@id\":\"https:\/\/ssi24.org\/product\/senyals-del-territori-un-mapa-del-temps\/#primaryimage\"},\"thumbnailUrl\":\"https:\/\/ssi24.org\/wp-content\/uploads\/2024\/05\/senyals-del-territori.png\",\"datePublished\":\"2024-05-23T07:16:08+00:00\",\"dateModified\":\"2024-07-29T10:33:04+00:00\",\"breadcrumb\":{\"@id\":\"https:\/\/ssi24.org\/product\/senyals-del-territori-un-mapa-del-temps\/#breadcrumb\"},\"inLanguage\":\"es\",\"potentialAction\":[{\"@type\":\"ReadAction\",\"target\":[\"https:\/\/ssi24.org\/product\/senyals-del-territori-un-mapa-del-temps\/\"]}]},{\"@type\":\"ImageObject\",\"inLanguage\":\"es\",\"@id\":\"https:\/\/ssi24.org\/product\/senyals-del-territori-un-mapa-del-temps\/#primaryimage\",\"url\":\"https:\/\/ssi24.org\/wp-content\/uploads\/2024\/05\/senyals-del-territori.png\",\"contentUrl\":\"https:\/\/ssi24.org\/wp-content\/uploads\/2024\/05\/senyals-del-territori.png\",\"width\":626,\"height\":885},{\"@type\":\"BreadcrumbList\",\"@id\":\"https:\/\/ssi24.org\/product\/senyals-del-territori-un-mapa-del-temps\/#breadcrumb\",\"itemListElement\":[{\"@type\":\"ListItem\",\"position\":1,\"name\":\"Inici\",\"item\":\"https:\/\/ssi24.org\/\"},{\"@type\":\"ListItem\",\"position\":2,\"name\":\"Cat\u00e0leg\",\"item\":\"https:\/\/ssi24.org\/cataleg\/\"},{\"@type\":\"ListItem\",\"position\":3,\"name\":\"Senyals del territori. Un mapa del temps.\"}]},{\"@type\":\"WebSite\",\"@id\":\"https:\/\/ssi24.org\/#website\",\"url\":\"https:\/\/ssi24.org\/\",\"name\":\"Scito Super Impressi\u00f3 24\",\"description\":\"\",\"publisher\":{\"@id\":\"https:\/\/ssi24.org\/#organization\"},\"potentialAction\":[{\"@type\":\"SearchAction\",\"target\":{\"@type\":\"EntryPoint\",\"urlTemplate\":\"https:\/\/ssi24.org\/?s={search_term_string}\"},\"query-input\":{\"@type\":\"PropertyValueSpecification\",\"valueRequired\":true,\"valueName\":\"search_term_string\"}}],\"inLanguage\":\"es\"},{\"@type\":\"Organization\",\"@id\":\"https:\/\/ssi24.org\/#organization\",\"name\":\"Scito Super Impressi\u00f3 24\",\"url\":\"https:\/\/ssi24.org\/\",\"logo\":{\"@type\":\"ImageObject\",\"inLanguage\":\"es\",\"@id\":\"https:\/\/ssi24.org\/#\/schema\/logo\/image\/\",\"url\":\"https:\/\/ssi24.org\/wp-content\/uploads\/2024\/08\/cropped-logoSSI24.png\",\"contentUrl\":\"https:\/\/ssi24.org\/wp-content\/uploads\/2024\/08\/cropped-logoSSI24.png\",\"width\":701,\"height\":264,\"caption\":\"Scito Super Impressi\u00f3 24\"},\"image\":{\"@id\":\"https:\/\/ssi24.org\/#\/schema\/logo\/image\/\"}}]}<\/script>\n<!-- \/ Yoast SEO plugin. -->","yoast_head_json":{"title":"Senyals del territori. Un mapa del temps. - Scito Super Impressi\u00f3 24","robots":{"index":"index","follow":"follow","max-snippet":"max-snippet:-1","max-image-preview":"max-image-preview:large","max-video-preview":"max-video-preview:-1"},"canonical":"https:\/\/ssi24.org\/es\/product\/senyals-del-territori-un-mapa-del-temps\/","og_locale":"es_ES","og_type":"article","og_title":"Senyals del territori. Un mapa del temps. - Scito Super Impressi\u00f3 24","og_description":"El laberint actual d\u2019informaci\u00f3 pareix no apaivagar un remol\u00ed que ens devora sense miraments, mostrant-nos un passat nost\u00e0lgic i un present vital per\u00f2 desordenat. Tot i aix\u00ed, en aquest caos sempre hi ha hagut un romanent: l\u2019esp\u00e8cie humana i la naturalesa. Els \u00e9ssers humans hem tingut una relaci\u00f3 mil\u00b7len\u00e0ria amb la flora i fauna des de l\u2019agricultura, estudiant i transformant el paisatge que ens envolta. Investiga ara com i per qu\u00e8 s\u2019ha construit aquesta nova \u00e8poca i quines s\u00f3n les nostres possibilitats de futur.   F\u00e8lix Edo Tena: Es tracta d\u2019un proc\u00e9s de creaci\u00f3 que d\u00f3na com a resultat una imatge espacial que \u00e9s capa\u00e7 de sintetitzar la realitat estrictament material amb les emocions i la mem\u00f2ria de qui ha interactuat amb aquest paisatge!.","og_url":"https:\/\/ssi24.org\/es\/product\/senyals-del-territori-un-mapa-del-temps\/","og_site_name":"Scito Super Impressi\u00f3 24","article_modified_time":"2024-07-29T10:33:04+00:00","og_image":[{"width":626,"height":885,"url":"https:\/\/ssi24.org\/wp-content\/uploads\/2024\/05\/senyals-del-territori.png","type":"image\/png"}],"twitter_card":"summary_large_image","schema":{"@context":"https:\/\/schema.org","@graph":[{"@type":"WebPage","@id":"https:\/\/ssi24.org\/product\/senyals-del-territori-un-mapa-del-temps\/","url":"https:\/\/ssi24.org\/product\/senyals-del-territori-un-mapa-del-temps\/","name":"Senyals del territori. Un mapa del temps. - Scito Super Impressi\u00f3 24","isPartOf":{"@id":"https:\/\/ssi24.org\/#website"},"primaryImageOfPage":{"@id":"https:\/\/ssi24.org\/product\/senyals-del-territori-un-mapa-del-temps\/#primaryimage"},"image":{"@id":"https:\/\/ssi24.org\/product\/senyals-del-territori-un-mapa-del-temps\/#primaryimage"},"thumbnailUrl":"https:\/\/ssi24.org\/wp-content\/uploads\/2024\/05\/senyals-del-territori.png","datePublished":"2024-05-23T07:16:08+00:00","dateModified":"2024-07-29T10:33:04+00:00","breadcrumb":{"@id":"https:\/\/ssi24.org\/product\/senyals-del-territori-un-mapa-del-temps\/#breadcrumb"},"inLanguage":"es","potentialAction":[{"@type":"ReadAction","target":["https:\/\/ssi24.org\/product\/senyals-del-territori-un-mapa-del-temps\/"]}]},{"@type":"ImageObject","inLanguage":"es","@id":"https:\/\/ssi24.org\/product\/senyals-del-territori-un-mapa-del-temps\/#primaryimage","url":"https:\/\/ssi24.org\/wp-content\/uploads\/2024\/05\/senyals-del-territori.png","contentUrl":"https:\/\/ssi24.org\/wp-content\/uploads\/2024\/05\/senyals-del-territori.png","width":626,"height":885},{"@type":"BreadcrumbList","@id":"https:\/\/ssi24.org\/product\/senyals-del-territori-un-mapa-del-temps\/#breadcrumb","itemListElement":[{"@type":"ListItem","position":1,"name":"Inici","item":"https:\/\/ssi24.org\/"},{"@type":"ListItem","position":2,"name":"Cat\u00e0leg","item":"https:\/\/ssi24.org\/cataleg\/"},{"@type":"ListItem","position":3,"name":"Senyals del territori. Un mapa del temps."}]},{"@type":"WebSite","@id":"https:\/\/ssi24.org\/#website","url":"https:\/\/ssi24.org\/","name":"Scito Super Impressi\u00f3 24","description":"","publisher":{"@id":"https:\/\/ssi24.org\/#organization"},"potentialAction":[{"@type":"SearchAction","target":{"@type":"EntryPoint","urlTemplate":"https:\/\/ssi24.org\/?s={search_term_string}"},"query-input":{"@type":"PropertyValueSpecification","valueRequired":true,"valueName":"search_term_string"}}],"inLanguage":"es"},{"@type":"Organization","@id":"https:\/\/ssi24.org\/#organization","name":"Scito Super Impressi\u00f3 24","url":"https:\/\/ssi24.org\/","logo":{"@type":"ImageObject","inLanguage":"es","@id":"https:\/\/ssi24.org\/#\/schema\/logo\/image\/","url":"https:\/\/ssi24.org\/wp-content\/uploads\/2024\/08\/cropped-logoSSI24.png","contentUrl":"https:\/\/ssi24.org\/wp-content\/uploads\/2024\/08\/cropped-logoSSI24.png","width":701,"height":264,"caption":"Scito Super Impressi\u00f3 24"},"image":{"@id":"https:\/\/ssi24.org\/#\/schema\/logo\/image\/"}}]}},"_links":{"self":[{"href":"https:\/\/ssi24.org\/es\/wp-json\/wp\/v2\/product\/1043","targetHints":{"allow":["GET"]}}],"collection":[{"href":"https:\/\/ssi24.org\/es\/wp-json\/wp\/v2\/product"}],"about":[{"href":"https:\/\/ssi24.org\/es\/wp-json\/wp\/v2\/types\/product"}],"replies":[{"embeddable":true,"href":"https:\/\/ssi24.org\/es\/wp-json\/wp\/v2\/comments?post=1043"}],"wp:featuredmedia":[{"embeddable":true,"href":"https:\/\/ssi24.org\/es\/wp-json\/wp\/v2\/media\/1059"}],"wp:attachment":[{"href":"https:\/\/ssi24.org\/es\/wp-json\/wp\/v2\/media?parent=1043"}],"wp:term":[{"taxonomy":"product_brand","embeddable":true,"href":"https:\/\/ssi24.org\/es\/wp-json\/wp\/v2\/product_brand?post=1043"},{"taxonomy":"product_cat","embeddable":true,"href":"https:\/\/ssi24.org\/es\/wp-json\/wp\/v2\/product_cat?post=1043"},{"taxonomy":"product_tag","embeddable":true,"href":"https:\/\/ssi24.org\/es\/wp-json\/wp\/v2\/product_tag?post=1043"}],"curies":[{"name":"wp","href":"https:\/\/api.w.org\/{rel}","templated":true}]}}