{"id":1045,"date":"2024-05-23T09:16:08","date_gmt":"2024-05-23T07:16:08","guid":{"rendered":"https:\/\/ssi24.org\/?post_type=product&#038;p=1045"},"modified":"2024-07-29T12:47:41","modified_gmt":"2024-07-29T10:47:41","slug":"vicent-caselles-matematica-i-passio","status":"publish","type":"product","link":"https:\/\/ssi24.org\/es\/product\/vicent-caselles-matematica-i-passio\/","title":{"rendered":"Vicent Caselles. Matem\u00e0tica i passi\u00f3"},"content":{"rendered":"","protected":false},"excerpt":{"rendered":"<p>Vicent Caselles (Gata, 1960-2013) fue un matem\u00e1tico innovador y un creador inquieto. Amigos de la infancia, compa\u00f1eros de profesi\u00f3n, vecinos y familiares reconstruyen, a trav\u00e9s de sus voces, la figura cient\u00edfica y humana de Caselles, el investigador espa\u00f1ol m\u00e1s citado en las revistas internacionales de su especialidad.<\/p>","protected":false},"featured_media":1061,"comment_status":"open","ping_status":"closed","template":"","meta":{"_kadence_starter_templates_imported_post":false,"_kad_post_transparent":"default","_kad_post_title":"","_kad_post_layout":"default","_kad_post_sidebar_id":"","_kad_post_content_style":"default","_kad_post_vertical_padding":"default","_kad_post_feature":"","_kad_post_feature_position":"","_kad_post_header":false,"_kad_post_footer":false},"product_brand":[],"product_cat":[22],"product_tag":[],"class_list":{"0":"post-1045","1":"product","2":"type-product","3":"status-publish","4":"has-post-thumbnail","6":"product_cat-narrativa","8":"first","9":"instock","10":"taxable","11":"shipping-taxable","12":"purchasable","13":"product-type-simple","14":"entry","15":"content-bg","16":"loop-entry"},"yoast_head":"<!-- This site is optimized with the Yoast SEO plugin v25.6 - https:\/\/yoast.com\/wordpress\/plugins\/seo\/ -->\n<title>Vicent Caselles. Matem\u00e0tica i passi\u00f3 - Scito Super Impressi\u00f3 24<\/title>\n<meta name=\"robots\" content=\"index, follow, max-snippet:-1, max-image-preview:large, max-video-preview:-1\" \/>\n<link rel=\"canonical\" href=\"https:\/\/ssi24.org\/es\/product\/vicent-caselles-matematica-i-passio\/\" \/>\n<meta property=\"og:locale\" content=\"es_ES\" \/>\n<meta property=\"og:type\" content=\"article\" \/>\n<meta property=\"og:title\" content=\"Vicent Caselles. Matem\u00e0tica i passi\u00f3 - Scito Super Impressi\u00f3 24\" \/>\n<meta property=\"og:description\" content=\"Vicent Caselles (Gata, 1960-2013) va ser un matem\u00e0tic innovador i un creador inquiet. Amics de la infantesa, companys de professi\u00f3, ve\u00efns i familiars reconstrueixen, a trav\u00e9s de les seues veus, la figura cient\u00edfica i humana de Caselles, l\u2019investigador espanyol m\u00e9s citat en les revistes internacionals de la seua especialitat.\" \/>\n<meta property=\"og:url\" content=\"https:\/\/ssi24.org\/es\/product\/vicent-caselles-matematica-i-passio\/\" \/>\n<meta property=\"og:site_name\" content=\"Scito Super Impressi\u00f3 24\" \/>\n<meta property=\"article:modified_time\" content=\"2024-07-29T10:47:41+00:00\" \/>\n<meta property=\"og:image\" content=\"https:\/\/ssi24.org\/wp-content\/uploads\/2024\/05\/19-04-04-RG-Promocional-G4-PNG.png\" \/>\n\t<meta property=\"og:image:width\" content=\"426\" \/>\n\t<meta property=\"og:image:height\" content=\"596\" \/>\n\t<meta property=\"og:image:type\" content=\"image\/png\" \/>\n<meta name=\"twitter:card\" content=\"summary_large_image\" \/>\n<script type=\"application\/ld+json\" class=\"yoast-schema-graph\">{\"@context\":\"https:\/\/schema.org\",\"@graph\":[{\"@type\":\"WebPage\",\"@id\":\"https:\/\/ssi24.org\/product\/vicent-caselles-matematica-i-passio\/\",\"url\":\"https:\/\/ssi24.org\/product\/vicent-caselles-matematica-i-passio\/\",\"name\":\"Vicent Caselles. Matem\u00e0tica i passi\u00f3 - Scito Super Impressi\u00f3 24\",\"isPartOf\":{\"@id\":\"https:\/\/ssi24.org\/#website\"},\"primaryImageOfPage\":{\"@id\":\"https:\/\/ssi24.org\/product\/vicent-caselles-matematica-i-passio\/#primaryimage\"},\"image\":{\"@id\":\"https:\/\/ssi24.org\/product\/vicent-caselles-matematica-i-passio\/#primaryimage\"},\"thumbnailUrl\":\"https:\/\/ssi24.org\/wp-content\/uploads\/2024\/05\/19-04-04-RG-Promocional-G4-PNG.png\",\"datePublished\":\"2024-05-23T07:16:08+00:00\",\"dateModified\":\"2024-07-29T10:47:41+00:00\",\"breadcrumb\":{\"@id\":\"https:\/\/ssi24.org\/product\/vicent-caselles-matematica-i-passio\/#breadcrumb\"},\"inLanguage\":\"es\",\"potentialAction\":[{\"@type\":\"ReadAction\",\"target\":[\"https:\/\/ssi24.org\/product\/vicent-caselles-matematica-i-passio\/\"]}]},{\"@type\":\"ImageObject\",\"inLanguage\":\"es\",\"@id\":\"https:\/\/ssi24.org\/product\/vicent-caselles-matematica-i-passio\/#primaryimage\",\"url\":\"https:\/\/ssi24.org\/wp-content\/uploads\/2024\/05\/19-04-04-RG-Promocional-G4-PNG.png\",\"contentUrl\":\"https:\/\/ssi24.org\/wp-content\/uploads\/2024\/05\/19-04-04-RG-Promocional-G4-PNG.png\",\"width\":426,\"height\":596},{\"@type\":\"BreadcrumbList\",\"@id\":\"https:\/\/ssi24.org\/product\/vicent-caselles-matematica-i-passio\/#breadcrumb\",\"itemListElement\":[{\"@type\":\"ListItem\",\"position\":1,\"name\":\"Inici\",\"item\":\"https:\/\/ssi24.org\/\"},{\"@type\":\"ListItem\",\"position\":2,\"name\":\"Cat\u00e0leg\",\"item\":\"https:\/\/ssi24.org\/cataleg\/\"},{\"@type\":\"ListItem\",\"position\":3,\"name\":\"Vicent Caselles. Matem\u00e0tica i passi\u00f3\"}]},{\"@type\":\"WebSite\",\"@id\":\"https:\/\/ssi24.org\/#website\",\"url\":\"https:\/\/ssi24.org\/\",\"name\":\"Scito Super Impressi\u00f3 24\",\"description\":\"\",\"publisher\":{\"@id\":\"https:\/\/ssi24.org\/#organization\"},\"potentialAction\":[{\"@type\":\"SearchAction\",\"target\":{\"@type\":\"EntryPoint\",\"urlTemplate\":\"https:\/\/ssi24.org\/?s={search_term_string}\"},\"query-input\":{\"@type\":\"PropertyValueSpecification\",\"valueRequired\":true,\"valueName\":\"search_term_string\"}}],\"inLanguage\":\"es\"},{\"@type\":\"Organization\",\"@id\":\"https:\/\/ssi24.org\/#organization\",\"name\":\"Scito Super Impressi\u00f3 24\",\"url\":\"https:\/\/ssi24.org\/\",\"logo\":{\"@type\":\"ImageObject\",\"inLanguage\":\"es\",\"@id\":\"https:\/\/ssi24.org\/#\/schema\/logo\/image\/\",\"url\":\"https:\/\/ssi24.org\/wp-content\/uploads\/2024\/08\/cropped-logoSSI24.png\",\"contentUrl\":\"https:\/\/ssi24.org\/wp-content\/uploads\/2024\/08\/cropped-logoSSI24.png\",\"width\":701,\"height\":264,\"caption\":\"Scito Super Impressi\u00f3 24\"},\"image\":{\"@id\":\"https:\/\/ssi24.org\/#\/schema\/logo\/image\/\"}}]}<\/script>\n<!-- \/ Yoast SEO plugin. -->","yoast_head_json":{"title":"Vicent Caselles. Matem\u00e0tica i passi\u00f3 - Scito Super Impressi\u00f3 24","robots":{"index":"index","follow":"follow","max-snippet":"max-snippet:-1","max-image-preview":"max-image-preview:large","max-video-preview":"max-video-preview:-1"},"canonical":"https:\/\/ssi24.org\/es\/product\/vicent-caselles-matematica-i-passio\/","og_locale":"es_ES","og_type":"article","og_title":"Vicent Caselles. Matem\u00e0tica i passi\u00f3 - Scito Super Impressi\u00f3 24","og_description":"Vicent Caselles (Gata, 1960-2013) va ser un matem\u00e0tic innovador i un creador inquiet. Amics de la infantesa, companys de professi\u00f3, ve\u00efns i familiars reconstrueixen, a trav\u00e9s de les seues veus, la figura cient\u00edfica i humana de Caselles, l\u2019investigador espanyol m\u00e9s citat en les revistes internacionals de la seua especialitat.","og_url":"https:\/\/ssi24.org\/es\/product\/vicent-caselles-matematica-i-passio\/","og_site_name":"Scito Super Impressi\u00f3 24","article_modified_time":"2024-07-29T10:47:41+00:00","og_image":[{"width":426,"height":596,"url":"https:\/\/ssi24.org\/wp-content\/uploads\/2024\/05\/19-04-04-RG-Promocional-G4-PNG.png","type":"image\/png"}],"twitter_card":"summary_large_image","schema":{"@context":"https:\/\/schema.org","@graph":[{"@type":"WebPage","@id":"https:\/\/ssi24.org\/product\/vicent-caselles-matematica-i-passio\/","url":"https:\/\/ssi24.org\/product\/vicent-caselles-matematica-i-passio\/","name":"Vicent Caselles. Matem\u00e0tica i passi\u00f3 - Scito Super Impressi\u00f3 24","isPartOf":{"@id":"https:\/\/ssi24.org\/#website"},"primaryImageOfPage":{"@id":"https:\/\/ssi24.org\/product\/vicent-caselles-matematica-i-passio\/#primaryimage"},"image":{"@id":"https:\/\/ssi24.org\/product\/vicent-caselles-matematica-i-passio\/#primaryimage"},"thumbnailUrl":"https:\/\/ssi24.org\/wp-content\/uploads\/2024\/05\/19-04-04-RG-Promocional-G4-PNG.png","datePublished":"2024-05-23T07:16:08+00:00","dateModified":"2024-07-29T10:47:41+00:00","breadcrumb":{"@id":"https:\/\/ssi24.org\/product\/vicent-caselles-matematica-i-passio\/#breadcrumb"},"inLanguage":"es","potentialAction":[{"@type":"ReadAction","target":["https:\/\/ssi24.org\/product\/vicent-caselles-matematica-i-passio\/"]}]},{"@type":"ImageObject","inLanguage":"es","@id":"https:\/\/ssi24.org\/product\/vicent-caselles-matematica-i-passio\/#primaryimage","url":"https:\/\/ssi24.org\/wp-content\/uploads\/2024\/05\/19-04-04-RG-Promocional-G4-PNG.png","contentUrl":"https:\/\/ssi24.org\/wp-content\/uploads\/2024\/05\/19-04-04-RG-Promocional-G4-PNG.png","width":426,"height":596},{"@type":"BreadcrumbList","@id":"https:\/\/ssi24.org\/product\/vicent-caselles-matematica-i-passio\/#breadcrumb","itemListElement":[{"@type":"ListItem","position":1,"name":"Inici","item":"https:\/\/ssi24.org\/"},{"@type":"ListItem","position":2,"name":"Cat\u00e0leg","item":"https:\/\/ssi24.org\/cataleg\/"},{"@type":"ListItem","position":3,"name":"Vicent Caselles. Matem\u00e0tica i passi\u00f3"}]},{"@type":"WebSite","@id":"https:\/\/ssi24.org\/#website","url":"https:\/\/ssi24.org\/","name":"Scito Super Impressi\u00f3 24","description":"","publisher":{"@id":"https:\/\/ssi24.org\/#organization"},"potentialAction":[{"@type":"SearchAction","target":{"@type":"EntryPoint","urlTemplate":"https:\/\/ssi24.org\/?s={search_term_string}"},"query-input":{"@type":"PropertyValueSpecification","valueRequired":true,"valueName":"search_term_string"}}],"inLanguage":"es"},{"@type":"Organization","@id":"https:\/\/ssi24.org\/#organization","name":"Scito Super Impressi\u00f3 24","url":"https:\/\/ssi24.org\/","logo":{"@type":"ImageObject","inLanguage":"es","@id":"https:\/\/ssi24.org\/#\/schema\/logo\/image\/","url":"https:\/\/ssi24.org\/wp-content\/uploads\/2024\/08\/cropped-logoSSI24.png","contentUrl":"https:\/\/ssi24.org\/wp-content\/uploads\/2024\/08\/cropped-logoSSI24.png","width":701,"height":264,"caption":"Scito Super Impressi\u00f3 24"},"image":{"@id":"https:\/\/ssi24.org\/#\/schema\/logo\/image\/"}}]}},"_links":{"self":[{"href":"https:\/\/ssi24.org\/es\/wp-json\/wp\/v2\/product\/1045","targetHints":{"allow":["GET"]}}],"collection":[{"href":"https:\/\/ssi24.org\/es\/wp-json\/wp\/v2\/product"}],"about":[{"href":"https:\/\/ssi24.org\/es\/wp-json\/wp\/v2\/types\/product"}],"replies":[{"embeddable":true,"href":"https:\/\/ssi24.org\/es\/wp-json\/wp\/v2\/comments?post=1045"}],"wp:featuredmedia":[{"embeddable":true,"href":"https:\/\/ssi24.org\/es\/wp-json\/wp\/v2\/media\/1061"}],"wp:attachment":[{"href":"https:\/\/ssi24.org\/es\/wp-json\/wp\/v2\/media?parent=1045"}],"wp:term":[{"taxonomy":"product_brand","embeddable":true,"href":"https:\/\/ssi24.org\/es\/wp-json\/wp\/v2\/product_brand?post=1045"},{"taxonomy":"product_cat","embeddable":true,"href":"https:\/\/ssi24.org\/es\/wp-json\/wp\/v2\/product_cat?post=1045"},{"taxonomy":"product_tag","embeddable":true,"href":"https:\/\/ssi24.org\/es\/wp-json\/wp\/v2\/product_tag?post=1045"}],"curies":[{"name":"wp","href":"https:\/\/api.w.org\/{rel}","templated":true}]}}