{"id":1046,"date":"2024-05-23T09:16:09","date_gmt":"2024-05-23T07:16:09","guid":{"rendered":"https:\/\/ssi24.org\/?post_type=product&#038;p=1046"},"modified":"2024-07-29T12:48:46","modified_gmt":"2024-07-29T10:48:46","slug":"els-viatges-singulars","status":"publish","type":"product","link":"https:\/\/ssi24.org\/es\/product\/els-viatges-singulars\/","title":{"rendered":"Els viatges singulars"},"content":{"rendered":"","protected":false},"excerpt":{"rendered":"<p>Viajamos para conocer, para descubrir, para disfrutar. Viajamos como reto, como costumbre o como compromiso laboral o familiar. Viajamos con fecha de regreso o indefinidamente, con o sin mapa, con muchos planes o con s\u00f3lo uno: improvisar. Algunos, m\u00e1s que viajar, huyen: de una guerra, de la miseria, de alguien que les ha hecho da\u00f1o. Dedicamos tiempo y dinero para viajar a otros continentes o al pueblo de al lado, aunque, a veces, el mejor viaje puede estar en el horno donde compramos el pan todos los d\u00edas.<\/p>\n<p>A veces podemos viajar acompa\u00f1ados, pero siempre viajamos solos. El viaje externo siempre implica un desplazamiento interno que nadie puede vivir por nosotros. El viaje externo es compartible; el interno es intransferible.<\/p>\n<p>El libro 'Els viatges singulars' es una recopilaci\u00f3n de 29 relatos de autores y autoras que cuentan su viaje intransferible, su experiencia y sus emociones.<\/p>","protected":false},"featured_media":1062,"comment_status":"open","ping_status":"closed","template":"","meta":{"_kadence_starter_templates_imported_post":false,"_kad_post_transparent":"default","_kad_post_title":"","_kad_post_layout":"default","_kad_post_sidebar_id":"","_kad_post_content_style":"default","_kad_post_vertical_padding":"default","_kad_post_feature":"","_kad_post_feature_position":"","_kad_post_header":false,"_kad_post_footer":false},"product_brand":[],"product_cat":[24],"product_tag":[],"class_list":{"0":"post-1046","1":"product","2":"type-product","3":"status-publish","4":"has-post-thumbnail","6":"product_cat-viatge","8":"first","9":"instock","10":"taxable","11":"shipping-taxable","12":"purchasable","13":"product-type-simple","14":"entry","15":"content-bg","16":"loop-entry"},"yoast_head":"<!-- This site is optimized with the Yoast SEO plugin v25.6 - https:\/\/yoast.com\/wordpress\/plugins\/seo\/ -->\n<title>Els viatges singulars - Scito Super Impressi\u00f3 24<\/title>\n<meta name=\"robots\" content=\"index, follow, max-snippet:-1, max-image-preview:large, max-video-preview:-1\" \/>\n<link rel=\"canonical\" href=\"https:\/\/ssi24.org\/es\/product\/els-viatges-singulars\/\" \/>\n<meta property=\"og:locale\" content=\"es_ES\" \/>\n<meta property=\"og:type\" content=\"article\" \/>\n<meta property=\"og:title\" content=\"Els viatges singulars - Scito Super Impressi\u00f3 24\" \/>\n<meta property=\"og:description\" content=\"Viatgem per a con\u00e8ixer, per a descobrir, per a gaudir. Viatgem com a repte, com a costum o com a comprom\u00eds laboral o familiar. Viatgem amb data de tornada o indefinidament, amb o sense mapa, amb molts plans o amb nom\u00e9s un: improvisar. Alguns, m\u00e9s que viatjar, fugen: d\u2019una guerra, de la mis\u00e8ria, d\u2019alg\u00fa que els ha fet mal. Dediquem temps i diners per a viatjar a altres continents o al poble del costat, encara que, de vegades, el millor viatge pot ser al forn on comprem el pa cada dia.  De vegades podem viatjar acompanyats, per\u00f2 sempre viatgem sols. El viatge extern sempre implica un despla\u00e7ament intern que ning\u00fa pot viure per nosaltres. El viatge extern \u00e9s compartible; l\u2019intern \u00e9s intransferible.  El llibre \u2018Els viatges singulars\u2019 \u00e9s una recopilaci\u00f3 de 29 relats d\u2019autors i autores que conten el seu viatge intransferible, la seua experi\u00e8ncia i les seues emocions.\" \/>\n<meta property=\"og:url\" content=\"https:\/\/ssi24.org\/es\/product\/els-viatges-singulars\/\" \/>\n<meta property=\"og:site_name\" content=\"Scito Super Impressi\u00f3 24\" \/>\n<meta property=\"article:modified_time\" content=\"2024-07-29T10:48:46+00:00\" \/>\n<meta property=\"og:image\" content=\"https:\/\/ssi24.org\/wp-content\/uploads\/2024\/05\/19-09-04-Portada-Els-Viatges-Singulars-FINaL-scaled-1.jpg\" \/>\n\t<meta property=\"og:image:width\" content=\"1804\" \/>\n\t<meta property=\"og:image:height\" content=\"2560\" \/>\n\t<meta property=\"og:image:type\" content=\"image\/jpeg\" \/>\n<meta name=\"twitter:card\" content=\"summary_large_image\" \/>\n<script type=\"application\/ld+json\" class=\"yoast-schema-graph\">{\"@context\":\"https:\/\/schema.org\",\"@graph\":[{\"@type\":\"WebPage\",\"@id\":\"https:\/\/ssi24.org\/product\/els-viatges-singulars\/\",\"url\":\"https:\/\/ssi24.org\/product\/els-viatges-singulars\/\",\"name\":\"Els viatges singulars - Scito Super Impressi\u00f3 24\",\"isPartOf\":{\"@id\":\"https:\/\/ssi24.org\/#website\"},\"primaryImageOfPage\":{\"@id\":\"https:\/\/ssi24.org\/product\/els-viatges-singulars\/#primaryimage\"},\"image\":{\"@id\":\"https:\/\/ssi24.org\/product\/els-viatges-singulars\/#primaryimage\"},\"thumbnailUrl\":\"https:\/\/ssi24.org\/wp-content\/uploads\/2024\/05\/19-09-04-Portada-Els-Viatges-Singulars-FINaL-scaled-1.jpg\",\"datePublished\":\"2024-05-23T07:16:09+00:00\",\"dateModified\":\"2024-07-29T10:48:46+00:00\",\"breadcrumb\":{\"@id\":\"https:\/\/ssi24.org\/product\/els-viatges-singulars\/#breadcrumb\"},\"inLanguage\":\"es\",\"potentialAction\":[{\"@type\":\"ReadAction\",\"target\":[\"https:\/\/ssi24.org\/product\/els-viatges-singulars\/\"]}]},{\"@type\":\"ImageObject\",\"inLanguage\":\"es\",\"@id\":\"https:\/\/ssi24.org\/product\/els-viatges-singulars\/#primaryimage\",\"url\":\"https:\/\/ssi24.org\/wp-content\/uploads\/2024\/05\/19-09-04-Portada-Els-Viatges-Singulars-FINaL-scaled-1.jpg\",\"contentUrl\":\"https:\/\/ssi24.org\/wp-content\/uploads\/2024\/05\/19-09-04-Portada-Els-Viatges-Singulars-FINaL-scaled-1.jpg\",\"width\":1804,\"height\":2560},{\"@type\":\"BreadcrumbList\",\"@id\":\"https:\/\/ssi24.org\/product\/els-viatges-singulars\/#breadcrumb\",\"itemListElement\":[{\"@type\":\"ListItem\",\"position\":1,\"name\":\"Inici\",\"item\":\"https:\/\/ssi24.org\/\"},{\"@type\":\"ListItem\",\"position\":2,\"name\":\"Cat\u00e0leg\",\"item\":\"https:\/\/ssi24.org\/cataleg\/\"},{\"@type\":\"ListItem\",\"position\":3,\"name\":\"Els viatges singulars\"}]},{\"@type\":\"WebSite\",\"@id\":\"https:\/\/ssi24.org\/#website\",\"url\":\"https:\/\/ssi24.org\/\",\"name\":\"Scito Super Impressi\u00f3 24\",\"description\":\"\",\"publisher\":{\"@id\":\"https:\/\/ssi24.org\/#organization\"},\"potentialAction\":[{\"@type\":\"SearchAction\",\"target\":{\"@type\":\"EntryPoint\",\"urlTemplate\":\"https:\/\/ssi24.org\/?s={search_term_string}\"},\"query-input\":{\"@type\":\"PropertyValueSpecification\",\"valueRequired\":true,\"valueName\":\"search_term_string\"}}],\"inLanguage\":\"es\"},{\"@type\":\"Organization\",\"@id\":\"https:\/\/ssi24.org\/#organization\",\"name\":\"Scito Super Impressi\u00f3 24\",\"url\":\"https:\/\/ssi24.org\/\",\"logo\":{\"@type\":\"ImageObject\",\"inLanguage\":\"es\",\"@id\":\"https:\/\/ssi24.org\/#\/schema\/logo\/image\/\",\"url\":\"https:\/\/ssi24.org\/wp-content\/uploads\/2024\/08\/cropped-logoSSI24.png\",\"contentUrl\":\"https:\/\/ssi24.org\/wp-content\/uploads\/2024\/08\/cropped-logoSSI24.png\",\"width\":701,\"height\":264,\"caption\":\"Scito Super Impressi\u00f3 24\"},\"image\":{\"@id\":\"https:\/\/ssi24.org\/#\/schema\/logo\/image\/\"}}]}<\/script>\n<!-- \/ Yoast SEO plugin. -->","yoast_head_json":{"title":"Els viatges singulars - Scito Super Impressi\u00f3 24","robots":{"index":"index","follow":"follow","max-snippet":"max-snippet:-1","max-image-preview":"max-image-preview:large","max-video-preview":"max-video-preview:-1"},"canonical":"https:\/\/ssi24.org\/es\/product\/els-viatges-singulars\/","og_locale":"es_ES","og_type":"article","og_title":"Els viatges singulars - Scito Super Impressi\u00f3 24","og_description":"Viatgem per a con\u00e8ixer, per a descobrir, per a gaudir. Viatgem com a repte, com a costum o com a comprom\u00eds laboral o familiar. Viatgem amb data de tornada o indefinidament, amb o sense mapa, amb molts plans o amb nom\u00e9s un: improvisar. Alguns, m\u00e9s que viatjar, fugen: d\u2019una guerra, de la mis\u00e8ria, d\u2019alg\u00fa que els ha fet mal. Dediquem temps i diners per a viatjar a altres continents o al poble del costat, encara que, de vegades, el millor viatge pot ser al forn on comprem el pa cada dia.  De vegades podem viatjar acompanyats, per\u00f2 sempre viatgem sols. El viatge extern sempre implica un despla\u00e7ament intern que ning\u00fa pot viure per nosaltres. El viatge extern \u00e9s compartible; l\u2019intern \u00e9s intransferible.  El llibre \u2018Els viatges singulars\u2019 \u00e9s una recopilaci\u00f3 de 29 relats d\u2019autors i autores que conten el seu viatge intransferible, la seua experi\u00e8ncia i les seues emocions.","og_url":"https:\/\/ssi24.org\/es\/product\/els-viatges-singulars\/","og_site_name":"Scito Super Impressi\u00f3 24","article_modified_time":"2024-07-29T10:48:46+00:00","og_image":[{"width":1804,"height":2560,"url":"https:\/\/ssi24.org\/wp-content\/uploads\/2024\/05\/19-09-04-Portada-Els-Viatges-Singulars-FINaL-scaled-1.jpg","type":"image\/jpeg"}],"twitter_card":"summary_large_image","schema":{"@context":"https:\/\/schema.org","@graph":[{"@type":"WebPage","@id":"https:\/\/ssi24.org\/product\/els-viatges-singulars\/","url":"https:\/\/ssi24.org\/product\/els-viatges-singulars\/","name":"Els viatges singulars - Scito Super Impressi\u00f3 24","isPartOf":{"@id":"https:\/\/ssi24.org\/#website"},"primaryImageOfPage":{"@id":"https:\/\/ssi24.org\/product\/els-viatges-singulars\/#primaryimage"},"image":{"@id":"https:\/\/ssi24.org\/product\/els-viatges-singulars\/#primaryimage"},"thumbnailUrl":"https:\/\/ssi24.org\/wp-content\/uploads\/2024\/05\/19-09-04-Portada-Els-Viatges-Singulars-FINaL-scaled-1.jpg","datePublished":"2024-05-23T07:16:09+00:00","dateModified":"2024-07-29T10:48:46+00:00","breadcrumb":{"@id":"https:\/\/ssi24.org\/product\/els-viatges-singulars\/#breadcrumb"},"inLanguage":"es","potentialAction":[{"@type":"ReadAction","target":["https:\/\/ssi24.org\/product\/els-viatges-singulars\/"]}]},{"@type":"ImageObject","inLanguage":"es","@id":"https:\/\/ssi24.org\/product\/els-viatges-singulars\/#primaryimage","url":"https:\/\/ssi24.org\/wp-content\/uploads\/2024\/05\/19-09-04-Portada-Els-Viatges-Singulars-FINaL-scaled-1.jpg","contentUrl":"https:\/\/ssi24.org\/wp-content\/uploads\/2024\/05\/19-09-04-Portada-Els-Viatges-Singulars-FINaL-scaled-1.jpg","width":1804,"height":2560},{"@type":"BreadcrumbList","@id":"https:\/\/ssi24.org\/product\/els-viatges-singulars\/#breadcrumb","itemListElement":[{"@type":"ListItem","position":1,"name":"Inici","item":"https:\/\/ssi24.org\/"},{"@type":"ListItem","position":2,"name":"Cat\u00e0leg","item":"https:\/\/ssi24.org\/cataleg\/"},{"@type":"ListItem","position":3,"name":"Els viatges singulars"}]},{"@type":"WebSite","@id":"https:\/\/ssi24.org\/#website","url":"https:\/\/ssi24.org\/","name":"Scito Super Impressi\u00f3 24","description":"","publisher":{"@id":"https:\/\/ssi24.org\/#organization"},"potentialAction":[{"@type":"SearchAction","target":{"@type":"EntryPoint","urlTemplate":"https:\/\/ssi24.org\/?s={search_term_string}"},"query-input":{"@type":"PropertyValueSpecification","valueRequired":true,"valueName":"search_term_string"}}],"inLanguage":"es"},{"@type":"Organization","@id":"https:\/\/ssi24.org\/#organization","name":"Scito Super Impressi\u00f3 24","url":"https:\/\/ssi24.org\/","logo":{"@type":"ImageObject","inLanguage":"es","@id":"https:\/\/ssi24.org\/#\/schema\/logo\/image\/","url":"https:\/\/ssi24.org\/wp-content\/uploads\/2024\/08\/cropped-logoSSI24.png","contentUrl":"https:\/\/ssi24.org\/wp-content\/uploads\/2024\/08\/cropped-logoSSI24.png","width":701,"height":264,"caption":"Scito Super Impressi\u00f3 24"},"image":{"@id":"https:\/\/ssi24.org\/#\/schema\/logo\/image\/"}}]}},"_links":{"self":[{"href":"https:\/\/ssi24.org\/es\/wp-json\/wp\/v2\/product\/1046","targetHints":{"allow":["GET"]}}],"collection":[{"href":"https:\/\/ssi24.org\/es\/wp-json\/wp\/v2\/product"}],"about":[{"href":"https:\/\/ssi24.org\/es\/wp-json\/wp\/v2\/types\/product"}],"replies":[{"embeddable":true,"href":"https:\/\/ssi24.org\/es\/wp-json\/wp\/v2\/comments?post=1046"}],"wp:featuredmedia":[{"embeddable":true,"href":"https:\/\/ssi24.org\/es\/wp-json\/wp\/v2\/media\/1062"}],"wp:attachment":[{"href":"https:\/\/ssi24.org\/es\/wp-json\/wp\/v2\/media?parent=1046"}],"wp:term":[{"taxonomy":"product_brand","embeddable":true,"href":"https:\/\/ssi24.org\/es\/wp-json\/wp\/v2\/product_brand?post=1046"},{"taxonomy":"product_cat","embeddable":true,"href":"https:\/\/ssi24.org\/es\/wp-json\/wp\/v2\/product_cat?post=1046"},{"taxonomy":"product_tag","embeddable":true,"href":"https:\/\/ssi24.org\/es\/wp-json\/wp\/v2\/product_tag?post=1046"}],"curies":[{"name":"wp","href":"https:\/\/api.w.org\/{rel}","templated":true}]}}