{"id":1053,"date":"2024-05-23T09:16:09","date_gmt":"2024-05-23T07:16:09","guid":{"rendered":"https:\/\/ssi24.org\/?post_type=product&#038;p=1053"},"modified":"2024-05-23T09:16:27","modified_gmt":"2024-05-23T07:16:27","slug":"2dd20-dos-daus-de-vint","status":"publish","type":"product","link":"https:\/\/ssi24.org\/es\/product\/2dd20-dos-daus-de-vint\/","title":{"rendered":"2dd20 \u2013 Dos daus de vint"},"content":{"rendered":"<p><strong>Sinopsi<\/strong><\/p>\n<p>Marcel se ve obligado a afrontar el \u00faltimo tramo de su vida aferr\u00e1ndose a las ilusiones de su nieto, Valeri. Con \u00e9l descubrir\u00e1 la pasi\u00f3n por los c\u00f3digos secretos, el fen\u00f3meno hackeado y el mundo de la fantas\u00eda y los juegos de rol.<\/p>\n<p>El reinici d\u2019una persona soferta que vol aprendre de nou a gaudir, que trencar\u00e0 amb tot i s&#8217;aventurar\u00e0 en un viatge err\u00e0tic a trav\u00e9s del record d&#8217;unes partides de rol protagonitzades pels Visir, una colla d&#8217;amics en un petit poble rural, on sembla que no hi passi mai res&#8230;<\/p>\n<p>Dos daus de vint cares determinaran el dest\u00ed de jugadors i personatges. Un enigma que ha estat ocult durant molt de temps. Una tirada que podria condicionar el m\u00f3n tal com el coneixem.<\/p>\n<p><strong>Biografia autor<\/strong><\/p>\n<p>Josep Masanas i Camps (Cam\u00f3s, 1977), viu a Banyoles, \u00e9s enginyer inform\u00e0tic i treballa com a professor de cicles formatius a l&#8217;Institut Bosc de la Coma d&#8217;Olot.<\/p>\n<p>L&#8217;any 2016 va guanyar el concurs de relats Inspirats pel Museu Darder, per commemorar els cent anys del museu de Banyoles. El relat guanyador, &#8220;El m\u00e8tode cient\u00edfic&#8221;, tamb\u00e9 va ser publicat per la revista Freakcions #3 editat pel Biblionauta l&#8217;any 2017.<\/p>\n<p>Un viatge a La Palma va originar la novel\u00b7la curta Roderes de Cometa (2017, Fantraginers).<\/p>\n<p>Els seus relats es poden trobar publicats a Lektu i a la revista digital Descriu.org de la Fundaci\u00f3 Scito. Dos dels quals han estat seleccionats i es formen part dels llibres Ucronies i Els viatges singulars (ambd\u00f3s publicats el 2019 per Scito Edicions).<\/p>\n<p>En la darrera edici\u00f3 del concurs de Relats en Catal\u00e0 va ser finalista en la modalitat de ci\u00e8ncia-ficci\u00f3 amb el microrelat &#8220;Autoconsci\u00e8ncia&#8221;, publicat al recull G\u00e8neres Narratius: XI Concurs ARC de Microrelats (2021, Associaci\u00f3 de Relataires en Catal\u00e0).<\/p>\n<p>El 2021 va guanyar el Concurs de Relats d&#8217;Astronomia &#8211; Memorial Ramon Rubio de l&#8217;Agrupaci\u00f3 Astron\u00f2mica de Barcelona (Aster) amb el relat &#8220;La primera fotografia&#8221;.<\/p>\n<p>2dd20: Dos daus de vint \u00e9s la primera novel\u00b7la que l\u2019autor publica en paper.<\/p>","protected":false},"excerpt":{"rendered":"<p><iframe loading=\"lazy\" src=\"https:\/\/player.vimeo.com\/video\/691309472?h=e326cf5bdb&amp;title=0&amp;byline=0&amp;portrait=0&amp;speed=0&amp;badge=0&amp;autopause=0&amp;player_id=0&amp;app_id=58479\" width=\"500\" height=\"281\" frameborder=\"0\" allow=\"autoplay; fullscreen; picture-in-picture\" allowfullscreen title=\"Booktrailer2dd20\"><\/iframe><\/p>\n<p>Marcel se ve obligado a afrontar el \u00faltimo tramo de su vida aferr\u00e1ndose a las ilusiones de su nieto, Valeri. Con \u00e9l descubrir\u00e1 la pasi\u00f3n por los c\u00f3digos secretos, el fen\u00f3meno hackeado y el mundo de la fantas\u00eda y los juegos de rol.<\/p>","protected":false},"featured_media":1069,"comment_status":"open","ping_status":"closed","template":"","meta":{"_kadence_starter_templates_imported_post":false,"_kad_post_transparent":"","_kad_post_title":"","_kad_post_layout":"","_kad_post_sidebar_id":"","_kad_post_content_style":"","_kad_post_vertical_padding":"","_kad_post_feature":"","_kad_post_feature_position":"","_kad_post_header":false,"_kad_post_footer":false},"product_brand":[],"product_cat":[25],"product_tag":[],"class_list":{"0":"post-1053","1":"product","2":"type-product","3":"status-publish","4":"has-post-thumbnail","6":"product_cat-scito-edicions","8":"first","9":"instock","10":"taxable","11":"shipping-taxable","12":"purchasable","13":"product-type-simple","14":"entry","15":"content-bg","16":"loop-entry"},"yoast_head":"<!-- This site is optimized with the Yoast SEO plugin v25.6 - https:\/\/yoast.com\/wordpress\/plugins\/seo\/ -->\n<title>2dd20 \u2013 Dos daus de vint - Scito Super Impressi\u00f3 24<\/title>\n<meta name=\"robots\" content=\"index, follow, max-snippet:-1, max-image-preview:large, max-video-preview:-1\" \/>\n<link rel=\"canonical\" href=\"https:\/\/ssi24.org\/es\/product\/2dd20-dos-daus-de-vint\/\" \/>\n<meta property=\"og:locale\" content=\"es_ES\" \/>\n<meta property=\"og:type\" content=\"article\" \/>\n<meta property=\"og:title\" content=\"2dd20 \u2013 Dos daus de vint - Scito Super Impressi\u00f3 24\" \/>\n<meta property=\"og:description\" content=\"En Marcel es veu obligat a afrontar l\u2019\u00faltim tram de la seva vida aferrant-se a les il\u00b7lusions del seu net, en Valeri. Amb ell descobrir\u00e0 la passi\u00f3 pels codis secrets, el fenomen hacker i el m\u00f3n de la fantasia i els jocs de rol.\" \/>\n<meta property=\"og:url\" content=\"https:\/\/ssi24.org\/es\/product\/2dd20-dos-daus-de-vint\/\" \/>\n<meta property=\"og:site_name\" content=\"Scito Super Impressi\u00f3 24\" \/>\n<meta property=\"article:modified_time\" content=\"2024-05-23T07:16:27+00:00\" \/>\n<meta property=\"og:image\" content=\"https:\/\/ssi24.org\/wp-content\/uploads\/2024\/05\/22-02-22-Dos-Daus-de-Vint-2dd20-Portada-FINAL.jpg\" \/>\n\t<meta property=\"og:image:width\" content=\"570\" \/>\n\t<meta property=\"og:image:height\" content=\"807\" \/>\n\t<meta property=\"og:image:type\" content=\"image\/jpeg\" \/>\n<meta name=\"twitter:card\" content=\"summary_large_image\" \/>\n<meta name=\"twitter:label1\" content=\"Tiempo de lectura\" \/>\n\t<meta name=\"twitter:data1\" content=\"2 minutos\" \/>\n<script type=\"application\/ld+json\" class=\"yoast-schema-graph\">{\"@context\":\"https:\/\/schema.org\",\"@graph\":[{\"@type\":\"WebPage\",\"@id\":\"https:\/\/ssi24.org\/product\/2dd20-dos-daus-de-vint\/\",\"url\":\"https:\/\/ssi24.org\/product\/2dd20-dos-daus-de-vint\/\",\"name\":\"2dd20 \u2013 Dos daus de vint - Scito Super Impressi\u00f3 24\",\"isPartOf\":{\"@id\":\"https:\/\/ssi24.org\/#website\"},\"primaryImageOfPage\":{\"@id\":\"https:\/\/ssi24.org\/product\/2dd20-dos-daus-de-vint\/#primaryimage\"},\"image\":{\"@id\":\"https:\/\/ssi24.org\/product\/2dd20-dos-daus-de-vint\/#primaryimage\"},\"thumbnailUrl\":\"https:\/\/ssi24.org\/wp-content\/uploads\/2024\/05\/22-02-22-Dos-Daus-de-Vint-2dd20-Portada-FINAL.jpg\",\"datePublished\":\"2024-05-23T07:16:09+00:00\",\"dateModified\":\"2024-05-23T07:16:27+00:00\",\"breadcrumb\":{\"@id\":\"https:\/\/ssi24.org\/product\/2dd20-dos-daus-de-vint\/#breadcrumb\"},\"inLanguage\":\"es\",\"potentialAction\":[{\"@type\":\"ReadAction\",\"target\":[\"https:\/\/ssi24.org\/product\/2dd20-dos-daus-de-vint\/\"]}]},{\"@type\":\"ImageObject\",\"inLanguage\":\"es\",\"@id\":\"https:\/\/ssi24.org\/product\/2dd20-dos-daus-de-vint\/#primaryimage\",\"url\":\"https:\/\/ssi24.org\/wp-content\/uploads\/2024\/05\/22-02-22-Dos-Daus-de-Vint-2dd20-Portada-FINAL.jpg\",\"contentUrl\":\"https:\/\/ssi24.org\/wp-content\/uploads\/2024\/05\/22-02-22-Dos-Daus-de-Vint-2dd20-Portada-FINAL.jpg\",\"width\":570,\"height\":807},{\"@type\":\"BreadcrumbList\",\"@id\":\"https:\/\/ssi24.org\/product\/2dd20-dos-daus-de-vint\/#breadcrumb\",\"itemListElement\":[{\"@type\":\"ListItem\",\"position\":1,\"name\":\"Inici\",\"item\":\"https:\/\/ssi24.org\/\"},{\"@type\":\"ListItem\",\"position\":2,\"name\":\"Cat\u00e0leg\",\"item\":\"https:\/\/ssi24.org\/cataleg\/\"},{\"@type\":\"ListItem\",\"position\":3,\"name\":\"2dd20 \u2013 Dos daus de vint\"}]},{\"@type\":\"WebSite\",\"@id\":\"https:\/\/ssi24.org\/#website\",\"url\":\"https:\/\/ssi24.org\/\",\"name\":\"Scito Super Impressi\u00f3 24\",\"description\":\"\",\"publisher\":{\"@id\":\"https:\/\/ssi24.org\/#organization\"},\"potentialAction\":[{\"@type\":\"SearchAction\",\"target\":{\"@type\":\"EntryPoint\",\"urlTemplate\":\"https:\/\/ssi24.org\/?s={search_term_string}\"},\"query-input\":{\"@type\":\"PropertyValueSpecification\",\"valueRequired\":true,\"valueName\":\"search_term_string\"}}],\"inLanguage\":\"es\"},{\"@type\":\"Organization\",\"@id\":\"https:\/\/ssi24.org\/#organization\",\"name\":\"Scito Super Impressi\u00f3 24\",\"url\":\"https:\/\/ssi24.org\/\",\"logo\":{\"@type\":\"ImageObject\",\"inLanguage\":\"es\",\"@id\":\"https:\/\/ssi24.org\/#\/schema\/logo\/image\/\",\"url\":\"https:\/\/ssi24.org\/wp-content\/uploads\/2024\/08\/cropped-logoSSI24.png\",\"contentUrl\":\"https:\/\/ssi24.org\/wp-content\/uploads\/2024\/08\/cropped-logoSSI24.png\",\"width\":701,\"height\":264,\"caption\":\"Scito Super Impressi\u00f3 24\"},\"image\":{\"@id\":\"https:\/\/ssi24.org\/#\/schema\/logo\/image\/\"}}]}<\/script>\n<!-- \/ Yoast SEO plugin. -->","yoast_head_json":{"title":"2dd20 \u2013 Dos daus de vint - Scito Super Impressi\u00f3 24","robots":{"index":"index","follow":"follow","max-snippet":"max-snippet:-1","max-image-preview":"max-image-preview:large","max-video-preview":"max-video-preview:-1"},"canonical":"https:\/\/ssi24.org\/es\/product\/2dd20-dos-daus-de-vint\/","og_locale":"es_ES","og_type":"article","og_title":"2dd20 \u2013 Dos daus de vint - Scito Super Impressi\u00f3 24","og_description":"En Marcel es veu obligat a afrontar l\u2019\u00faltim tram de la seva vida aferrant-se a les il\u00b7lusions del seu net, en Valeri. Amb ell descobrir\u00e0 la passi\u00f3 pels codis secrets, el fenomen hacker i el m\u00f3n de la fantasia i els jocs de rol.","og_url":"https:\/\/ssi24.org\/es\/product\/2dd20-dos-daus-de-vint\/","og_site_name":"Scito Super Impressi\u00f3 24","article_modified_time":"2024-05-23T07:16:27+00:00","og_image":[{"width":570,"height":807,"url":"https:\/\/ssi24.org\/wp-content\/uploads\/2024\/05\/22-02-22-Dos-Daus-de-Vint-2dd20-Portada-FINAL.jpg","type":"image\/jpeg"}],"twitter_card":"summary_large_image","twitter_misc":{"Tiempo de lectura":"2 minutos"},"schema":{"@context":"https:\/\/schema.org","@graph":[{"@type":"WebPage","@id":"https:\/\/ssi24.org\/product\/2dd20-dos-daus-de-vint\/","url":"https:\/\/ssi24.org\/product\/2dd20-dos-daus-de-vint\/","name":"2dd20 \u2013 Dos daus de vint - Scito Super Impressi\u00f3 24","isPartOf":{"@id":"https:\/\/ssi24.org\/#website"},"primaryImageOfPage":{"@id":"https:\/\/ssi24.org\/product\/2dd20-dos-daus-de-vint\/#primaryimage"},"image":{"@id":"https:\/\/ssi24.org\/product\/2dd20-dos-daus-de-vint\/#primaryimage"},"thumbnailUrl":"https:\/\/ssi24.org\/wp-content\/uploads\/2024\/05\/22-02-22-Dos-Daus-de-Vint-2dd20-Portada-FINAL.jpg","datePublished":"2024-05-23T07:16:09+00:00","dateModified":"2024-05-23T07:16:27+00:00","breadcrumb":{"@id":"https:\/\/ssi24.org\/product\/2dd20-dos-daus-de-vint\/#breadcrumb"},"inLanguage":"es","potentialAction":[{"@type":"ReadAction","target":["https:\/\/ssi24.org\/product\/2dd20-dos-daus-de-vint\/"]}]},{"@type":"ImageObject","inLanguage":"es","@id":"https:\/\/ssi24.org\/product\/2dd20-dos-daus-de-vint\/#primaryimage","url":"https:\/\/ssi24.org\/wp-content\/uploads\/2024\/05\/22-02-22-Dos-Daus-de-Vint-2dd20-Portada-FINAL.jpg","contentUrl":"https:\/\/ssi24.org\/wp-content\/uploads\/2024\/05\/22-02-22-Dos-Daus-de-Vint-2dd20-Portada-FINAL.jpg","width":570,"height":807},{"@type":"BreadcrumbList","@id":"https:\/\/ssi24.org\/product\/2dd20-dos-daus-de-vint\/#breadcrumb","itemListElement":[{"@type":"ListItem","position":1,"name":"Inici","item":"https:\/\/ssi24.org\/"},{"@type":"ListItem","position":2,"name":"Cat\u00e0leg","item":"https:\/\/ssi24.org\/cataleg\/"},{"@type":"ListItem","position":3,"name":"2dd20 \u2013 Dos daus de vint"}]},{"@type":"WebSite","@id":"https:\/\/ssi24.org\/#website","url":"https:\/\/ssi24.org\/","name":"Scito Super Impressi\u00f3 24","description":"","publisher":{"@id":"https:\/\/ssi24.org\/#organization"},"potentialAction":[{"@type":"SearchAction","target":{"@type":"EntryPoint","urlTemplate":"https:\/\/ssi24.org\/?s={search_term_string}"},"query-input":{"@type":"PropertyValueSpecification","valueRequired":true,"valueName":"search_term_string"}}],"inLanguage":"es"},{"@type":"Organization","@id":"https:\/\/ssi24.org\/#organization","name":"Scito Super Impressi\u00f3 24","url":"https:\/\/ssi24.org\/","logo":{"@type":"ImageObject","inLanguage":"es","@id":"https:\/\/ssi24.org\/#\/schema\/logo\/image\/","url":"https:\/\/ssi24.org\/wp-content\/uploads\/2024\/08\/cropped-logoSSI24.png","contentUrl":"https:\/\/ssi24.org\/wp-content\/uploads\/2024\/08\/cropped-logoSSI24.png","width":701,"height":264,"caption":"Scito Super Impressi\u00f3 24"},"image":{"@id":"https:\/\/ssi24.org\/#\/schema\/logo\/image\/"}}]}},"_links":{"self":[{"href":"https:\/\/ssi24.org\/es\/wp-json\/wp\/v2\/product\/1053","targetHints":{"allow":["GET"]}}],"collection":[{"href":"https:\/\/ssi24.org\/es\/wp-json\/wp\/v2\/product"}],"about":[{"href":"https:\/\/ssi24.org\/es\/wp-json\/wp\/v2\/types\/product"}],"replies":[{"embeddable":true,"href":"https:\/\/ssi24.org\/es\/wp-json\/wp\/v2\/comments?post=1053"}],"wp:featuredmedia":[{"embeddable":true,"href":"https:\/\/ssi24.org\/es\/wp-json\/wp\/v2\/media\/1069"}],"wp:attachment":[{"href":"https:\/\/ssi24.org\/es\/wp-json\/wp\/v2\/media?parent=1053"}],"wp:term":[{"taxonomy":"product_brand","embeddable":true,"href":"https:\/\/ssi24.org\/es\/wp-json\/wp\/v2\/product_brand?post=1053"},{"taxonomy":"product_cat","embeddable":true,"href":"https:\/\/ssi24.org\/es\/wp-json\/wp\/v2\/product_cat?post=1053"},{"taxonomy":"product_tag","embeddable":true,"href":"https:\/\/ssi24.org\/es\/wp-json\/wp\/v2\/product_tag?post=1053"}],"curies":[{"name":"wp","href":"https:\/\/api.w.org\/{rel}","templated":true}]}}