{"id":1054,"date":"2024-05-23T09:16:09","date_gmt":"2024-05-23T07:16:09","guid":{"rendered":"https:\/\/ssi24.org\/?post_type=product&#038;p=1054"},"modified":"2024-07-29T14:10:55","modified_gmt":"2024-07-29T12:10:55","slug":"mes-enlla-de-nostraciutat","status":"publish","type":"product","link":"https:\/\/ssi24.org\/es\/product\/mes-enlla-de-nostraciutat\/","title":{"rendered":"M\u00e9s enll\u00e0 de Nostraciutat"},"content":{"rendered":"<h4><strong><em>Biograf\u00eda autora<\/em><\/strong><\/h4>\n<p><strong>Lourdes Bo\u00efgues<\/strong> va n\u00e0ixer l\u2019any 1968 a Simat de la Valldigna (La Safor, Val\u00e8ncia). \u00c9s\u00a0 Llicenciada en Dret per la Universitat de Val\u00e8ncia i treballa de T\u00e8cnica administrativa de la Generalitat Valenciana. Des de menuda es va aficionar a la lectura i l\u2019escriptura. La gran majoria de les seues obres pertanyen al g\u00e8nere de narrativa infantil i juvenil, del qual \u00e9s una apassionada defensora. No obstant aix\u00f2, tamb\u00e9 s\u2019ha estrenat en la narrativa per a adults. Reconeix que \u00e9s una lectora compulsiva i que escriu per un exc\u00e9s d\u2019imaginaci\u00f3. Ha guanyat 7 premis, entre ells l\u2019Enric Valor de l\u2019Ajuntament de Picanya (2 vegades), el Vicent Silvestre o el Ciutat de Badalona. Tamb\u00e9 ha col\u00b7laborat en revistes, llibres de festes, llibrets de falles i reculls de relats. A l\u2019hora d\u2019escriure intenta enganxar el p\u00fablic amb obres fresques i \u00e0gils. Li agrada el contacte amb els lectors i les lectores, per aquesta ra\u00f3 ha actuat de contacontes i fa animacions en centres educatius.<\/p>\n<p>&nbsp;<\/p>","protected":false},"excerpt":{"rendered":"<p>T&#8217;agradaria viure en un m\u00f3n ideal? Aurora viu en un lloc perfecte, on mai fa fred ni calor, hi ha menjar i aigua en abund\u00e0ncia, els carrers estan nets, etc. No hi ha problemes a Nostraciutat&#8230; ni tampoc diversi\u00f3 ni emoci\u00f3. Tothom \u00e9s feli\u00e7, la vida de la gent resulta meravellosa perqu\u00e8 Les Justes la controlen fins al m\u00ednim detall. Per\u00f2 Aurora troba a faltar les excursions, els avions, les mascotes i moltes altres coses que ha vist als llibres de la biblioteca. Tanmateix, no pot dir-ho perqu\u00e8 la suspendrien a l&#8217;escola i la declararien antisocial.<\/p>\n<p>Un dia la mare d&#8217;Aurora no torna del treball i comencen els problemes. On s&#8217;ha ficat? Per que la seua germana Greta la tira de casa en plena nit? Aurora destapa una nova ciutat, poblada de gent estranya i amb perills aut\u00e8ntics. Junt amb una colla d&#8217;antisocials, perseguida per qui creia que eren els seus benefactors, recorre les llargues avingudes a la recerca de sa mare i del secret que amaga.<\/p>\n<p>Per fi, viur\u00e0 les aventures que anhelava, encara que mai imaginava que serien tan amena\u00e7adores. D&#8217;aquesta forma, Aurora constata que res \u00e9s el que pareix i descobreix un nou horitz\u00f3 ple de sorpreses i promeses. T\u2019atreveixes a acompanyar-la m\u00e9s enll\u00e0 del l\u00edmit?<\/p>","protected":false},"featured_media":1070,"comment_status":"open","ping_status":"closed","template":"","meta":{"_kadence_starter_templates_imported_post":false,"_kad_post_transparent":"default","_kad_post_title":"","_kad_post_layout":"default","_kad_post_sidebar_id":"","_kad_post_content_style":"default","_kad_post_vertical_padding":"default","_kad_post_feature":"","_kad_post_feature_position":"","_kad_post_header":false,"_kad_post_footer":false},"product_brand":[],"product_cat":[26,22,25],"product_tag":[],"class_list":{"0":"post-1054","1":"product","2":"type-product","3":"status-publish","4":"has-post-thumbnail","6":"product_cat-infantil","7":"product_cat-narrativa","8":"product_cat-scito-edicions","10":"first","11":"instock","12":"taxable","13":"shipping-taxable","14":"purchasable","15":"product-type-simple","16":"entry","17":"content-bg","18":"loop-entry"},"yoast_head":"<!-- This site is optimized with the Yoast SEO plugin v25.6 - https:\/\/yoast.com\/wordpress\/plugins\/seo\/ -->\n<title>M\u00e9s enll\u00e0 de Nostraciutat - Scito Super Impressi\u00f3 24<\/title>\n<meta name=\"robots\" content=\"index, follow, max-snippet:-1, max-image-preview:large, max-video-preview:-1\" \/>\n<link rel=\"canonical\" href=\"https:\/\/ssi24.org\/es\/product\/mes-enlla-de-nostraciutat\/\" \/>\n<meta property=\"og:locale\" content=\"es_ES\" \/>\n<meta property=\"og:type\" content=\"article\" \/>\n<meta property=\"og:title\" content=\"M\u00e9s enll\u00e0 de Nostraciutat - Scito Super Impressi\u00f3 24\" \/>\n<meta property=\"og:description\" content=\"T&#039;agradaria viure en un m\u00f3n ideal? Aurora viu en un lloc perfecte, on mai fa fred ni calor, hi ha menjar i aigua en abund\u00e0ncia, els carrers estan nets, etc. No hi ha problemes a Nostraciutat... ni tampoc diversi\u00f3 ni emoci\u00f3. Tothom \u00e9s feli\u00e7, la vida de la gent resulta meravellosa perqu\u00e8 Les Justes la controlen fins al m\u00ednim detall. Per\u00f2 Aurora troba a faltar les excursions, els avions, les mascotes i moltes altres coses que ha vist als llibres de la biblioteca. Tanmateix, no pot dir-ho perqu\u00e8 la suspendrien a l&#039;escola i la declararien antisocial.  Un dia la mare d&#039;Aurora no torna del treball i comencen els problemes. On s&#039;ha ficat? Per que la seua germana Greta la tira de casa en plena nit? Aurora destapa una nova ciutat, poblada de gent estranya i amb perills aut\u00e8ntics. Junt amb una colla d&#039;antisocials, perseguida per qui creia que eren els seus benefactors, recorre les llargues avingudes a la recerca de sa mare i del secret que amaga.  Per fi, viur\u00e0 les aventures que anhelava, encara que mai imaginava que serien tan amena\u00e7adores. D&#039;aquesta forma, Aurora constata que res \u00e9s el que pareix i descobreix un nou horitz\u00f3 ple de sorpreses i promeses. T\u2019atreveixes a acompanyar-la m\u00e9s enll\u00e0 del l\u00edmit?\" \/>\n<meta property=\"og:url\" content=\"https:\/\/ssi24.org\/es\/product\/mes-enlla-de-nostraciutat\/\" \/>\n<meta property=\"og:site_name\" content=\"Scito Super Impressi\u00f3 24\" \/>\n<meta property=\"article:modified_time\" content=\"2024-07-29T12:10:55+00:00\" \/>\n<meta property=\"og:image\" content=\"https:\/\/ssi24.org\/wp-content\/uploads\/2024\/05\/1.jpg\" \/>\n\t<meta property=\"og:image:width\" content=\"518\" \/>\n\t<meta property=\"og:image:height\" content=\"800\" \/>\n\t<meta property=\"og:image:type\" content=\"image\/jpeg\" \/>\n<meta name=\"twitter:card\" content=\"summary_large_image\" \/>\n<meta name=\"twitter:label1\" content=\"Tiempo de lectura\" \/>\n\t<meta name=\"twitter:data1\" content=\"1 minuto\" \/>\n<script type=\"application\/ld+json\" class=\"yoast-schema-graph\">{\"@context\":\"https:\/\/schema.org\",\"@graph\":[{\"@type\":\"WebPage\",\"@id\":\"https:\/\/ssi24.org\/product\/mes-enlla-de-nostraciutat\/\",\"url\":\"https:\/\/ssi24.org\/product\/mes-enlla-de-nostraciutat\/\",\"name\":\"M\u00e9s enll\u00e0 de Nostraciutat - Scito Super Impressi\u00f3 24\",\"isPartOf\":{\"@id\":\"https:\/\/ssi24.org\/#website\"},\"primaryImageOfPage\":{\"@id\":\"https:\/\/ssi24.org\/product\/mes-enlla-de-nostraciutat\/#primaryimage\"},\"image\":{\"@id\":\"https:\/\/ssi24.org\/product\/mes-enlla-de-nostraciutat\/#primaryimage\"},\"thumbnailUrl\":\"https:\/\/ssi24.org\/wp-content\/uploads\/2024\/05\/1.jpg\",\"datePublished\":\"2024-05-23T07:16:09+00:00\",\"dateModified\":\"2024-07-29T12:10:55+00:00\",\"breadcrumb\":{\"@id\":\"https:\/\/ssi24.org\/product\/mes-enlla-de-nostraciutat\/#breadcrumb\"},\"inLanguage\":\"es\",\"potentialAction\":[{\"@type\":\"ReadAction\",\"target\":[\"https:\/\/ssi24.org\/product\/mes-enlla-de-nostraciutat\/\"]}]},{\"@type\":\"ImageObject\",\"inLanguage\":\"es\",\"@id\":\"https:\/\/ssi24.org\/product\/mes-enlla-de-nostraciutat\/#primaryimage\",\"url\":\"https:\/\/ssi24.org\/wp-content\/uploads\/2024\/05\/1.jpg\",\"contentUrl\":\"https:\/\/ssi24.org\/wp-content\/uploads\/2024\/05\/1.jpg\",\"width\":518,\"height\":800},{\"@type\":\"BreadcrumbList\",\"@id\":\"https:\/\/ssi24.org\/product\/mes-enlla-de-nostraciutat\/#breadcrumb\",\"itemListElement\":[{\"@type\":\"ListItem\",\"position\":1,\"name\":\"Inici\",\"item\":\"https:\/\/ssi24.org\/\"},{\"@type\":\"ListItem\",\"position\":2,\"name\":\"Cat\u00e0leg\",\"item\":\"https:\/\/ssi24.org\/cataleg\/\"},{\"@type\":\"ListItem\",\"position\":3,\"name\":\"M\u00e9s enll\u00e0 de Nostraciutat\"}]},{\"@type\":\"WebSite\",\"@id\":\"https:\/\/ssi24.org\/#website\",\"url\":\"https:\/\/ssi24.org\/\",\"name\":\"Scito Super Impressi\u00f3 24\",\"description\":\"\",\"publisher\":{\"@id\":\"https:\/\/ssi24.org\/#organization\"},\"potentialAction\":[{\"@type\":\"SearchAction\",\"target\":{\"@type\":\"EntryPoint\",\"urlTemplate\":\"https:\/\/ssi24.org\/?s={search_term_string}\"},\"query-input\":{\"@type\":\"PropertyValueSpecification\",\"valueRequired\":true,\"valueName\":\"search_term_string\"}}],\"inLanguage\":\"es\"},{\"@type\":\"Organization\",\"@id\":\"https:\/\/ssi24.org\/#organization\",\"name\":\"Scito Super Impressi\u00f3 24\",\"url\":\"https:\/\/ssi24.org\/\",\"logo\":{\"@type\":\"ImageObject\",\"inLanguage\":\"es\",\"@id\":\"https:\/\/ssi24.org\/#\/schema\/logo\/image\/\",\"url\":\"https:\/\/ssi24.org\/wp-content\/uploads\/2024\/08\/cropped-logoSSI24.png\",\"contentUrl\":\"https:\/\/ssi24.org\/wp-content\/uploads\/2024\/08\/cropped-logoSSI24.png\",\"width\":701,\"height\":264,\"caption\":\"Scito Super Impressi\u00f3 24\"},\"image\":{\"@id\":\"https:\/\/ssi24.org\/#\/schema\/logo\/image\/\"}}]}<\/script>\n<!-- \/ Yoast SEO plugin. -->","yoast_head_json":{"title":"M\u00e9s enll\u00e0 de Nostraciutat - Scito Super Impressi\u00f3 24","robots":{"index":"index","follow":"follow","max-snippet":"max-snippet:-1","max-image-preview":"max-image-preview:large","max-video-preview":"max-video-preview:-1"},"canonical":"https:\/\/ssi24.org\/es\/product\/mes-enlla-de-nostraciutat\/","og_locale":"es_ES","og_type":"article","og_title":"M\u00e9s enll\u00e0 de Nostraciutat - Scito Super Impressi\u00f3 24","og_description":"T'agradaria viure en un m\u00f3n ideal? Aurora viu en un lloc perfecte, on mai fa fred ni calor, hi ha menjar i aigua en abund\u00e0ncia, els carrers estan nets, etc. No hi ha problemes a Nostraciutat... ni tampoc diversi\u00f3 ni emoci\u00f3. Tothom \u00e9s feli\u00e7, la vida de la gent resulta meravellosa perqu\u00e8 Les Justes la controlen fins al m\u00ednim detall. Per\u00f2 Aurora troba a faltar les excursions, els avions, les mascotes i moltes altres coses que ha vist als llibres de la biblioteca. Tanmateix, no pot dir-ho perqu\u00e8 la suspendrien a l'escola i la declararien antisocial.  Un dia la mare d'Aurora no torna del treball i comencen els problemes. On s'ha ficat? Per que la seua germana Greta la tira de casa en plena nit? Aurora destapa una nova ciutat, poblada de gent estranya i amb perills aut\u00e8ntics. Junt amb una colla d'antisocials, perseguida per qui creia que eren els seus benefactors, recorre les llargues avingudes a la recerca de sa mare i del secret que amaga.  Per fi, viur\u00e0 les aventures que anhelava, encara que mai imaginava que serien tan amena\u00e7adores. D'aquesta forma, Aurora constata que res \u00e9s el que pareix i descobreix un nou horitz\u00f3 ple de sorpreses i promeses. T\u2019atreveixes a acompanyar-la m\u00e9s enll\u00e0 del l\u00edmit?","og_url":"https:\/\/ssi24.org\/es\/product\/mes-enlla-de-nostraciutat\/","og_site_name":"Scito Super Impressi\u00f3 24","article_modified_time":"2024-07-29T12:10:55+00:00","og_image":[{"width":518,"height":800,"url":"https:\/\/ssi24.org\/wp-content\/uploads\/2024\/05\/1.jpg","type":"image\/jpeg"}],"twitter_card":"summary_large_image","twitter_misc":{"Tiempo de lectura":"1 minuto"},"schema":{"@context":"https:\/\/schema.org","@graph":[{"@type":"WebPage","@id":"https:\/\/ssi24.org\/product\/mes-enlla-de-nostraciutat\/","url":"https:\/\/ssi24.org\/product\/mes-enlla-de-nostraciutat\/","name":"M\u00e9s enll\u00e0 de Nostraciutat - Scito Super Impressi\u00f3 24","isPartOf":{"@id":"https:\/\/ssi24.org\/#website"},"primaryImageOfPage":{"@id":"https:\/\/ssi24.org\/product\/mes-enlla-de-nostraciutat\/#primaryimage"},"image":{"@id":"https:\/\/ssi24.org\/product\/mes-enlla-de-nostraciutat\/#primaryimage"},"thumbnailUrl":"https:\/\/ssi24.org\/wp-content\/uploads\/2024\/05\/1.jpg","datePublished":"2024-05-23T07:16:09+00:00","dateModified":"2024-07-29T12:10:55+00:00","breadcrumb":{"@id":"https:\/\/ssi24.org\/product\/mes-enlla-de-nostraciutat\/#breadcrumb"},"inLanguage":"es","potentialAction":[{"@type":"ReadAction","target":["https:\/\/ssi24.org\/product\/mes-enlla-de-nostraciutat\/"]}]},{"@type":"ImageObject","inLanguage":"es","@id":"https:\/\/ssi24.org\/product\/mes-enlla-de-nostraciutat\/#primaryimage","url":"https:\/\/ssi24.org\/wp-content\/uploads\/2024\/05\/1.jpg","contentUrl":"https:\/\/ssi24.org\/wp-content\/uploads\/2024\/05\/1.jpg","width":518,"height":800},{"@type":"BreadcrumbList","@id":"https:\/\/ssi24.org\/product\/mes-enlla-de-nostraciutat\/#breadcrumb","itemListElement":[{"@type":"ListItem","position":1,"name":"Inici","item":"https:\/\/ssi24.org\/"},{"@type":"ListItem","position":2,"name":"Cat\u00e0leg","item":"https:\/\/ssi24.org\/cataleg\/"},{"@type":"ListItem","position":3,"name":"M\u00e9s enll\u00e0 de Nostraciutat"}]},{"@type":"WebSite","@id":"https:\/\/ssi24.org\/#website","url":"https:\/\/ssi24.org\/","name":"Scito Super Impressi\u00f3 24","description":"","publisher":{"@id":"https:\/\/ssi24.org\/#organization"},"potentialAction":[{"@type":"SearchAction","target":{"@type":"EntryPoint","urlTemplate":"https:\/\/ssi24.org\/?s={search_term_string}"},"query-input":{"@type":"PropertyValueSpecification","valueRequired":true,"valueName":"search_term_string"}}],"inLanguage":"es"},{"@type":"Organization","@id":"https:\/\/ssi24.org\/#organization","name":"Scito Super Impressi\u00f3 24","url":"https:\/\/ssi24.org\/","logo":{"@type":"ImageObject","inLanguage":"es","@id":"https:\/\/ssi24.org\/#\/schema\/logo\/image\/","url":"https:\/\/ssi24.org\/wp-content\/uploads\/2024\/08\/cropped-logoSSI24.png","contentUrl":"https:\/\/ssi24.org\/wp-content\/uploads\/2024\/08\/cropped-logoSSI24.png","width":701,"height":264,"caption":"Scito Super Impressi\u00f3 24"},"image":{"@id":"https:\/\/ssi24.org\/#\/schema\/logo\/image\/"}}]}},"_links":{"self":[{"href":"https:\/\/ssi24.org\/es\/wp-json\/wp\/v2\/product\/1054","targetHints":{"allow":["GET"]}}],"collection":[{"href":"https:\/\/ssi24.org\/es\/wp-json\/wp\/v2\/product"}],"about":[{"href":"https:\/\/ssi24.org\/es\/wp-json\/wp\/v2\/types\/product"}],"replies":[{"embeddable":true,"href":"https:\/\/ssi24.org\/es\/wp-json\/wp\/v2\/comments?post=1054"}],"wp:featuredmedia":[{"embeddable":true,"href":"https:\/\/ssi24.org\/es\/wp-json\/wp\/v2\/media\/1070"}],"wp:attachment":[{"href":"https:\/\/ssi24.org\/es\/wp-json\/wp\/v2\/media?parent=1054"}],"wp:term":[{"taxonomy":"product_brand","embeddable":true,"href":"https:\/\/ssi24.org\/es\/wp-json\/wp\/v2\/product_brand?post=1054"},{"taxonomy":"product_cat","embeddable":true,"href":"https:\/\/ssi24.org\/es\/wp-json\/wp\/v2\/product_cat?post=1054"},{"taxonomy":"product_tag","embeddable":true,"href":"https:\/\/ssi24.org\/es\/wp-json\/wp\/v2\/product_tag?post=1054"}],"curies":[{"name":"wp","href":"https:\/\/api.w.org\/{rel}","templated":true}]}}