{"id":1055,"date":"2024-05-23T09:16:09","date_gmt":"2024-05-23T07:16:09","guid":{"rendered":"https:\/\/ssi24.org\/?post_type=product&#038;p=1055"},"modified":"2024-07-29T14:19:38","modified_gmt":"2024-07-29T12:19:38","slug":"la-tira-de-pegatines","status":"publish","type":"product","link":"https:\/\/ssi24.org\/es\/product\/la-tira-de-pegatines\/","title":{"rendered":"La Tira de Pegatines"},"content":{"rendered":"<p><strong>Sinopsi<\/strong><br \/>\nCol\u00b7leccionistes d\u2019alguna cosa n\u2019hi ha hagut en la hist\u00f2ria i continua havent-n\u2019hi. Pel que fa la quantitat de pegatines, qui t\u00e9 el r\u00e8cord al llibre Guinness \u00e9s Vicente Clemente de Madrid amb m\u00e9s de 150.000.<\/p>\n<p>Aquesta col\u00b7lecci\u00f3 de pegatines de la Transici\u00f3 espanyola la componen un total de 1.599 pegatines. Al volum del Pa\u00eds Valenci\u00e0, llibre que teniu a les mans, n\u2019hi ha 462. Aquestes pegatines es mostren juntament amb altre material hist\u00f2ric (12 calendaris, 5 postals i 37 records). La col\u00b7lecci\u00f3 original es conserva guardada en tres \u00e0lbums amb fulls autoadhesius de perfecta consist\u00e8ncia per a la seua preservaci\u00f3 i durabilitat.<\/p>\n<p>Us convide a rec\u00f3rrer la col\u00b7lecci\u00f3 de pegatines qu\u00e8, a m\u00e9s a m\u00e9s de portar-vos records, far\u00e0 que entengueu que, lamentablement, algunes pegatines tenen un missatge reivindicatiu que en l\u2019actualitat continua vigent. I, per a aquells que no vau viure aquella etapa de la hist\u00f2ria dels valencians i valencianes, us convide a realitzar aquest viatge en el qual coneixereu el que va costar conquistar un sistema de llibertats del qual la llibertat d\u2019expressi\u00f3 fou i \u00e9s la protagonista.<\/p>\n<p><strong><br \/>\nBiografia<\/strong><br \/>\nFerran Albert Bellver (Val\u00e8ncia, 1956). Diplomat en Ci\u00e8ncies Empresarials i membre The Institute of Internal Auditors, en una primera etapa va exercir el seu treball en l\u2019empresa privada i despr\u00e9s va desenvolupar l\u2019activitat de dissenyador gr\u00e0fic, web i multim\u00e8dia.<br \/>\nVa cursar tamb\u00e9 estudis de valenci\u00e0 en la EOI-Escola Oficial d\u2019Idiomes de Val\u00e8ncia fins al nivell superior (1983-1987), va obtindre el grau Superior de valenci\u00e0 per la Conselleria de Cultura, Educaci\u00f3 i Ci\u00e8ncia de la Generalitat Valenciana l\u2019any 1986 i el nivell Superior de Ling\u00fc\u00edstica valenciana i la seua did\u00e0ctica per la Universitat de Val\u00e8ncia (Institut de Ci\u00e8ncies de l\u2019Educaci\u00f3) en 1980. Ha participat entre d\u2019altres com a professor en les campanyes de valenci\u00e0 promogudes pel Centre Carles Salvador de Val\u00e8ncia.<\/p>","protected":false},"excerpt":{"rendered":"<p>[embed]https:\/\/www.youtube.com\/watch?v=FXvvRFugiDg[embed]<\/p>\n<p>Col\u00b7leccionistes d\u2019alguna cosa n\u2019hi ha hagut en la hist\u00f2ria i continua havent-n\u2019hi. Pel que fa la quantitat de pegatines, qui t\u00e9 el r\u00e8cord al llibre Guinness \u00e9s Vicente Clemente de Madrid amb m\u00e9s de 150.000.<\/p>\n<p>Aquesta col\u00b7lecci\u00f3 de pegatines de la Transici\u00f3 espanyola la componen un total de 1.599 pegatines. Al volum del Pa\u00eds Valenci\u00e0, llibre que teniu a les mans, n\u2019hi ha 462. Aquestes pegatines es mostren juntament amb altre material hist\u00f2ric (12 calendaris, 5 postals i 37 records). La col\u00b7lecci\u00f3 original es conserva guardada en tres \u00e0lbums amb fulls autoadhesius de perfecta consist\u00e8ncia per a la seua preservaci\u00f3 i durabilitat.<\/p>","protected":false},"featured_media":1071,"comment_status":"closed","ping_status":"closed","template":"","meta":{"_kadence_starter_templates_imported_post":false,"_kad_post_transparent":"default","_kad_post_title":"","_kad_post_layout":"default","_kad_post_sidebar_id":"","_kad_post_content_style":"default","_kad_post_vertical_padding":"default","_kad_post_feature":"","_kad_post_feature_position":"","_kad_post_header":false,"_kad_post_footer":false},"product_brand":[],"product_cat":[27,25],"product_tag":[28,29,30],"class_list":{"0":"post-1055","1":"product","2":"type-product","3":"status-publish","4":"has-post-thumbnail","6":"product_cat-historia","7":"product_cat-scito-edicions","8":"product_tag-cultura","9":"product_tag-historia-local","10":"product_tag-investigacio","12":"first","13":"instock","14":"taxable","15":"shipping-taxable","16":"purchasable","17":"product-type-simple","18":"entry","19":"content-bg","20":"loop-entry"},"yoast_head":"<!-- This site is optimized with the Yoast SEO plugin v25.6 - https:\/\/yoast.com\/wordpress\/plugins\/seo\/ -->\n<title>La Tira de Pegatines - Scito Super Impressi\u00f3 24<\/title>\n<meta name=\"robots\" content=\"index, follow, max-snippet:-1, max-image-preview:large, max-video-preview:-1\" \/>\n<link rel=\"canonical\" href=\"https:\/\/ssi24.org\/es\/product\/la-tira-de-pegatines\/\" \/>\n<meta property=\"og:locale\" content=\"es_ES\" \/>\n<meta property=\"og:type\" content=\"article\" \/>\n<meta property=\"og:title\" content=\"La Tira de Pegatines - Scito Super Impressi\u00f3 24\" \/>\n<meta property=\"og:description\" content=\"https:\/\/www.youtube.com\/watch?v=FXvvRFugiDg  Col\u00b7leccionistes d\u2019alguna cosa n\u2019hi ha hagut en la hist\u00f2ria i continua havent-n\u2019hi. Pel que fa la quantitat de pegatines, qui t\u00e9 el r\u00e8cord al llibre Guinness \u00e9s Vicente Clemente de Madrid amb m\u00e9s de 150.000.  Aquesta col\u00b7lecci\u00f3 de pegatines de la Transici\u00f3 espanyola la componen un total de 1.599 pegatines. Al volum del Pa\u00eds Valenci\u00e0, llibre que teniu a les mans, n\u2019hi ha 462. Aquestes pegatines es mostren juntament amb altre material hist\u00f2ric (12 calendaris, 5 postals i 37 records). La col\u00b7lecci\u00f3 original es conserva guardada en tres \u00e0lbums amb fulls autoadhesius de perfecta consist\u00e8ncia per a la seua preservaci\u00f3 i durabilitat.\" \/>\n<meta property=\"og:url\" content=\"https:\/\/ssi24.org\/es\/product\/la-tira-de-pegatines\/\" \/>\n<meta property=\"og:site_name\" content=\"Scito Super Impressi\u00f3 24\" \/>\n<meta property=\"article:modified_time\" content=\"2024-07-29T12:19:38+00:00\" \/>\n<meta property=\"og:image\" content=\"https:\/\/ssi24.org\/wp-content\/uploads\/2024\/05\/portadaPegatines.jpg\" \/>\n\t<meta property=\"og:image:width\" content=\"626\" \/>\n\t<meta property=\"og:image:height\" content=\"885\" \/>\n\t<meta property=\"og:image:type\" content=\"image\/jpeg\" \/>\n<meta name=\"twitter:card\" content=\"summary_large_image\" \/>\n<meta name=\"twitter:label1\" content=\"Tiempo de lectura\" \/>\n\t<meta name=\"twitter:data1\" content=\"2 minutos\" \/>\n<script type=\"application\/ld+json\" class=\"yoast-schema-graph\">{\"@context\":\"https:\/\/schema.org\",\"@graph\":[{\"@type\":\"WebPage\",\"@id\":\"https:\/\/ssi24.org\/product\/la-tira-de-pegatines\/\",\"url\":\"https:\/\/ssi24.org\/product\/la-tira-de-pegatines\/\",\"name\":\"La Tira de Pegatines - Scito Super Impressi\u00f3 24\",\"isPartOf\":{\"@id\":\"https:\/\/ssi24.org\/#website\"},\"primaryImageOfPage\":{\"@id\":\"https:\/\/ssi24.org\/product\/la-tira-de-pegatines\/#primaryimage\"},\"image\":{\"@id\":\"https:\/\/ssi24.org\/product\/la-tira-de-pegatines\/#primaryimage\"},\"thumbnailUrl\":\"https:\/\/ssi24.org\/wp-content\/uploads\/2024\/05\/portadaPegatines.jpg\",\"datePublished\":\"2024-05-23T07:16:09+00:00\",\"dateModified\":\"2024-07-29T12:19:38+00:00\",\"breadcrumb\":{\"@id\":\"https:\/\/ssi24.org\/product\/la-tira-de-pegatines\/#breadcrumb\"},\"inLanguage\":\"es\",\"potentialAction\":[{\"@type\":\"ReadAction\",\"target\":[\"https:\/\/ssi24.org\/product\/la-tira-de-pegatines\/\"]}]},{\"@type\":\"ImageObject\",\"inLanguage\":\"es\",\"@id\":\"https:\/\/ssi24.org\/product\/la-tira-de-pegatines\/#primaryimage\",\"url\":\"https:\/\/ssi24.org\/wp-content\/uploads\/2024\/05\/portadaPegatines.jpg\",\"contentUrl\":\"https:\/\/ssi24.org\/wp-content\/uploads\/2024\/05\/portadaPegatines.jpg\",\"width\":626,\"height\":885},{\"@type\":\"BreadcrumbList\",\"@id\":\"https:\/\/ssi24.org\/product\/la-tira-de-pegatines\/#breadcrumb\",\"itemListElement\":[{\"@type\":\"ListItem\",\"position\":1,\"name\":\"Inici\",\"item\":\"https:\/\/ssi24.org\/\"},{\"@type\":\"ListItem\",\"position\":2,\"name\":\"Cat\u00e0leg\",\"item\":\"https:\/\/ssi24.org\/cataleg\/\"},{\"@type\":\"ListItem\",\"position\":3,\"name\":\"La Tira de Pegatines\"}]},{\"@type\":\"WebSite\",\"@id\":\"https:\/\/ssi24.org\/#website\",\"url\":\"https:\/\/ssi24.org\/\",\"name\":\"Scito Super Impressi\u00f3 24\",\"description\":\"\",\"publisher\":{\"@id\":\"https:\/\/ssi24.org\/#organization\"},\"potentialAction\":[{\"@type\":\"SearchAction\",\"target\":{\"@type\":\"EntryPoint\",\"urlTemplate\":\"https:\/\/ssi24.org\/?s={search_term_string}\"},\"query-input\":{\"@type\":\"PropertyValueSpecification\",\"valueRequired\":true,\"valueName\":\"search_term_string\"}}],\"inLanguage\":\"es\"},{\"@type\":\"Organization\",\"@id\":\"https:\/\/ssi24.org\/#organization\",\"name\":\"Scito Super Impressi\u00f3 24\",\"url\":\"https:\/\/ssi24.org\/\",\"logo\":{\"@type\":\"ImageObject\",\"inLanguage\":\"es\",\"@id\":\"https:\/\/ssi24.org\/#\/schema\/logo\/image\/\",\"url\":\"https:\/\/ssi24.org\/wp-content\/uploads\/2024\/08\/cropped-logoSSI24.png\",\"contentUrl\":\"https:\/\/ssi24.org\/wp-content\/uploads\/2024\/08\/cropped-logoSSI24.png\",\"width\":701,\"height\":264,\"caption\":\"Scito Super Impressi\u00f3 24\"},\"image\":{\"@id\":\"https:\/\/ssi24.org\/#\/schema\/logo\/image\/\"}}]}<\/script>\n<!-- \/ Yoast SEO plugin. -->","yoast_head_json":{"title":"La Tira de Pegatines - Scito Super Impressi\u00f3 24","robots":{"index":"index","follow":"follow","max-snippet":"max-snippet:-1","max-image-preview":"max-image-preview:large","max-video-preview":"max-video-preview:-1"},"canonical":"https:\/\/ssi24.org\/es\/product\/la-tira-de-pegatines\/","og_locale":"es_ES","og_type":"article","og_title":"La Tira de Pegatines - Scito Super Impressi\u00f3 24","og_description":"https:\/\/www.youtube.com\/watch?v=FXvvRFugiDg  Col\u00b7leccionistes d\u2019alguna cosa n\u2019hi ha hagut en la hist\u00f2ria i continua havent-n\u2019hi. Pel que fa la quantitat de pegatines, qui t\u00e9 el r\u00e8cord al llibre Guinness \u00e9s Vicente Clemente de Madrid amb m\u00e9s de 150.000.  Aquesta col\u00b7lecci\u00f3 de pegatines de la Transici\u00f3 espanyola la componen un total de 1.599 pegatines. Al volum del Pa\u00eds Valenci\u00e0, llibre que teniu a les mans, n\u2019hi ha 462. Aquestes pegatines es mostren juntament amb altre material hist\u00f2ric (12 calendaris, 5 postals i 37 records). La col\u00b7lecci\u00f3 original es conserva guardada en tres \u00e0lbums amb fulls autoadhesius de perfecta consist\u00e8ncia per a la seua preservaci\u00f3 i durabilitat.","og_url":"https:\/\/ssi24.org\/es\/product\/la-tira-de-pegatines\/","og_site_name":"Scito Super Impressi\u00f3 24","article_modified_time":"2024-07-29T12:19:38+00:00","og_image":[{"width":626,"height":885,"url":"https:\/\/ssi24.org\/wp-content\/uploads\/2024\/05\/portadaPegatines.jpg","type":"image\/jpeg"}],"twitter_card":"summary_large_image","twitter_misc":{"Tiempo de lectura":"2 minutos"},"schema":{"@context":"https:\/\/schema.org","@graph":[{"@type":"WebPage","@id":"https:\/\/ssi24.org\/product\/la-tira-de-pegatines\/","url":"https:\/\/ssi24.org\/product\/la-tira-de-pegatines\/","name":"La Tira de Pegatines - Scito Super Impressi\u00f3 24","isPartOf":{"@id":"https:\/\/ssi24.org\/#website"},"primaryImageOfPage":{"@id":"https:\/\/ssi24.org\/product\/la-tira-de-pegatines\/#primaryimage"},"image":{"@id":"https:\/\/ssi24.org\/product\/la-tira-de-pegatines\/#primaryimage"},"thumbnailUrl":"https:\/\/ssi24.org\/wp-content\/uploads\/2024\/05\/portadaPegatines.jpg","datePublished":"2024-05-23T07:16:09+00:00","dateModified":"2024-07-29T12:19:38+00:00","breadcrumb":{"@id":"https:\/\/ssi24.org\/product\/la-tira-de-pegatines\/#breadcrumb"},"inLanguage":"es","potentialAction":[{"@type":"ReadAction","target":["https:\/\/ssi24.org\/product\/la-tira-de-pegatines\/"]}]},{"@type":"ImageObject","inLanguage":"es","@id":"https:\/\/ssi24.org\/product\/la-tira-de-pegatines\/#primaryimage","url":"https:\/\/ssi24.org\/wp-content\/uploads\/2024\/05\/portadaPegatines.jpg","contentUrl":"https:\/\/ssi24.org\/wp-content\/uploads\/2024\/05\/portadaPegatines.jpg","width":626,"height":885},{"@type":"BreadcrumbList","@id":"https:\/\/ssi24.org\/product\/la-tira-de-pegatines\/#breadcrumb","itemListElement":[{"@type":"ListItem","position":1,"name":"Inici","item":"https:\/\/ssi24.org\/"},{"@type":"ListItem","position":2,"name":"Cat\u00e0leg","item":"https:\/\/ssi24.org\/cataleg\/"},{"@type":"ListItem","position":3,"name":"La Tira de Pegatines"}]},{"@type":"WebSite","@id":"https:\/\/ssi24.org\/#website","url":"https:\/\/ssi24.org\/","name":"Scito Super Impressi\u00f3 24","description":"","publisher":{"@id":"https:\/\/ssi24.org\/#organization"},"potentialAction":[{"@type":"SearchAction","target":{"@type":"EntryPoint","urlTemplate":"https:\/\/ssi24.org\/?s={search_term_string}"},"query-input":{"@type":"PropertyValueSpecification","valueRequired":true,"valueName":"search_term_string"}}],"inLanguage":"es"},{"@type":"Organization","@id":"https:\/\/ssi24.org\/#organization","name":"Scito Super Impressi\u00f3 24","url":"https:\/\/ssi24.org\/","logo":{"@type":"ImageObject","inLanguage":"es","@id":"https:\/\/ssi24.org\/#\/schema\/logo\/image\/","url":"https:\/\/ssi24.org\/wp-content\/uploads\/2024\/08\/cropped-logoSSI24.png","contentUrl":"https:\/\/ssi24.org\/wp-content\/uploads\/2024\/08\/cropped-logoSSI24.png","width":701,"height":264,"caption":"Scito Super Impressi\u00f3 24"},"image":{"@id":"https:\/\/ssi24.org\/#\/schema\/logo\/image\/"}}]}},"_links":{"self":[{"href":"https:\/\/ssi24.org\/es\/wp-json\/wp\/v2\/product\/1055","targetHints":{"allow":["GET"]}}],"collection":[{"href":"https:\/\/ssi24.org\/es\/wp-json\/wp\/v2\/product"}],"about":[{"href":"https:\/\/ssi24.org\/es\/wp-json\/wp\/v2\/types\/product"}],"replies":[{"embeddable":true,"href":"https:\/\/ssi24.org\/es\/wp-json\/wp\/v2\/comments?post=1055"}],"wp:featuredmedia":[{"embeddable":true,"href":"https:\/\/ssi24.org\/es\/wp-json\/wp\/v2\/media\/1071"}],"wp:attachment":[{"href":"https:\/\/ssi24.org\/es\/wp-json\/wp\/v2\/media?parent=1055"}],"wp:term":[{"taxonomy":"product_brand","embeddable":true,"href":"https:\/\/ssi24.org\/es\/wp-json\/wp\/v2\/product_brand?post=1055"},{"taxonomy":"product_cat","embeddable":true,"href":"https:\/\/ssi24.org\/es\/wp-json\/wp\/v2\/product_cat?post=1055"},{"taxonomy":"product_tag","embeddable":true,"href":"https:\/\/ssi24.org\/es\/wp-json\/wp\/v2\/product_tag?post=1055"}],"curies":[{"name":"wp","href":"https:\/\/api.w.org\/{rel}","templated":true}]}}